{"id":1457,"date":"2025-05-01T13:06:44","date_gmt":"2025-05-01T13:06:44","guid":{"rendered":"https:\/\/www.biznisa.com\/?page_id=1457"},"modified":"2025-10-03T23:01:30","modified_gmt":"2025-10-03T21:01:30","slug":"poskytovatele-plateb","status":"publish","type":"page","link":"https:\/\/www.biznisa.com\/en\/poskytovatele-plateb\/","title":{"rendered":"P\u0159ehled acquirer\u016f v1"},"content":{"rendered":"<p>[et_pb_section fb_built=&#8220;1&#8243; _builder_version=&#8220;4.27.4&#8243; _module_preset=&#8220;default&#8220; background_color=&#8220;gcid-1ceede91-71be-464b-930c-ee204c722893&#8243; background_pattern_width=&#8220;16px&#8220; custom_margin=&#8220;||||false|false&#8220; custom_padding=&#8220;||22px||false|false&#8220; hover_enabled=&#8220;0&#8243; da_disable_devices=&#8220;off|off|off&#8220; global_colors_info=&#8220;{%22gcid-c67e4c14-9f9a-4541-bcfb-a3dbe227e267%22:%91%22background_pattern_color%22%93,%22gcid-1ceede91-71be-464b-930c-ee204c722893%22:%91%22background_color%22%93}&#8220; sticky_enabled=&#8220;0&#8243; da_is_popup=&#8220;off&#8220; da_exit_intent=&#8220;off&#8220; da_has_close=&#8220;on&#8220; da_alt_close=&#8220;off&#8220; da_dark_close=&#8220;off&#8220; da_not_modal=&#8220;on&#8220; da_is_singular=&#8220;off&#8220; da_with_loader=&#8220;off&#8220; da_has_shadow=&#8220;on&#8220;][et_pb_row column_structure=&#8220;1_2,1_2&#8243; use_custom_gutter=&#8220;on&#8220; make_equal=&#8220;on&#8220; _builder_version=&#8220;4.27.4&#8243; _module_preset=&#8220;default&#8220; background_color=&#8220;#FFFFFF&#8220; custom_padding=&#8220;0px|0px|0px|0px|true|true&#8220; hover_enabled=&#8220;0&#8243; border_radii=&#8220;on|20px|20px|20px|20px&#8220; border_width_all=&#8220;1px&#8220; border_color_all=&#8220;gcid-c67e4c14-9f9a-4541-bcfb-a3dbe227e267&#8243; global_colors_info=&#8220;{%22gcid-c67e4c14-9f9a-4541-bcfb-a3dbe227e267%22:%91%22border_color_all%22%93}&#8220; min_height=&#8220;60vh&#8220; sticky_enabled=&#8220;0&#8243; width=&#8220;100%&#8220; max_width=&#8220;1280px&#8220;][et_pb_column type=&#8220;1_2&#8243; _builder_version=&#8220;4.27.4&#8243; _module_preset=&#8220;default&#8220; hover_enabled=&#8220;0&#8243; global_colors_info=&#8220;{}&#8220; title_text=&#8220;biznisa_sumup_terminal&#8220; background_image=&#8220;https:\/\/www.biznisa.com\/wp-content\/uploads\/2025\/09\/biznisa_sumup_terminal.png&#8220; sticky_enabled=&#8220;0&#8243; background_position=&#8220;center_right&#8220; background_horizontal_offset=&#8220;1%&#8220;][\/et_pb_column][et_pb_column type=&#8220;1_2&#8243; _builder_version=&#8220;4.27.4&#8243; _module_preset=&#8220;default&#8220; custom_css_main_element=&#8220;margin: auto;&#8220; global_colors_info=&#8220;{}&#8220;][et_pb_text admin_label=&#8220;Nadpis&#8220; _builder_version=&#8220;4.27.4&#8243; _module_preset=&#8220;default&#8220; header_font=&#8220;Poppins|700|||||||&#8220; header_text_color=&#8220;#000000&#8243; custom_margin=&#8220;20px|20px|20px||true|false&#8220; hover_enabled=&#8220;0&#8243; global_colors_info=&#8220;{}&#8220; header_font_size=&#8220;62px&#8220; header_line_height=&#8220;1.2em&#8220; sticky_enabled=&#8220;0&#8243;]<\/p>\n<h1>Poskytovatel\u00e9 platebn\u00edch \u0159e\u0161en\u00ed<\/h1>\n<p>[\/et_pb_text][et_pb_text _builder_version=&#8220;4.27.4&#8243; _module_preset=&#8220;default&#8220; text_text_color=&#8220;#000000&#8243; custom_margin=&#8220;|20px|||false|false&#8220; custom_padding=&#8220;|20px|||false|false&#8220; hover_enabled=&#8220;0&#8243; global_colors_info=&#8220;{}&#8220; text_font_size=&#8220;24px&#8220; text_line_height=&#8220;1.2em&#8220; sticky_enabled=&#8220;0&#8243;]<\/p>\n<p>V\u0161ichni poskytovatel\u00e9 na jednom m\u00edst\u011b &#8211; to je to, co v\u00e1m nikdo nenab\u00eddne, ale my ano. Vyb\u00edrate sv\u00e9ho budouc\u00edho poskytovatele plateb? U n\u00e1s najdete v\u0161echny, p\u0159ehledn\u011b, se v\u0161emi informacemi.<\/p>\n<p>[\/et_pb_text][\/et_pb_column][\/et_pb_row][et_pb_row column_structure=&#8220;1_3,1_3,1_3&#8243; use_custom_gutter=&#8220;on&#8220; make_equal=&#8220;on&#8220; _builder_version=&#8220;4.27.4&#8243; _module_preset=&#8220;default&#8220; background_color=&#8220;#FFFFFF&#8220; custom_margin=&#8220;20px||||false|false&#8220; custom_padding=&#8220;0px||0px||true|false&#8220; border_radii=&#8220;on|40px|40px|40px|40px&#8220; border_width_all=&#8220;1px&#8220; border_color_all=&#8220;gcid-c67e4c14-9f9a-4541-bcfb-a3dbe227e267&#8243; global_colors_info=&#8220;{%22gcid-c67e4c14-9f9a-4541-bcfb-a3dbe227e267%22:%91%22border_color_all%22%93}&#8220;][et_pb_column type=&#8220;1_3&#8243; _builder_version=&#8220;4.27.4&#8243; _module_preset=&#8220;default&#8220; custom_css_main_element=&#8220;margin: auto&#8220; global_colors_info=&#8220;{}&#8220;][et_pb_text _builder_version=&#8220;4.27.4&#8243; _module_preset=&#8220;default&#8220; text_font=&#8220;|700|||||||&#8220; text_orientation=&#8220;right&#8220; global_colors_info=&#8220;{}&#8220;]<\/p>\n<p>Zobrazen\u00ed:<\/p>\n<p>[\/et_pb_text][\/et_pb_column][et_pb_column type=&#8220;1_3&#8243; _builder_version=&#8220;4.27.4&#8243; _module_preset=&#8220;default&#8220; custom_css_main_element=&#8220;margin: auto&#8220; global_colors_info=&#8220;{}&#8220;][et_pb_button button_text=&#8220;Filtrov\u00e1n\u00ed a karty&#8220; button_alignment=&#8220;center&#8220; _builder_version=&#8220;4.27.4&#8243; _module_preset=&#8220;default&#8220; custom_button=&#8220;on&#8220; button_text_size=&#8220;14px&#8220; button_text_color=&#8220;gcid-heading-color&#8220; button_border_width=&#8220;0px&#8220; button_icon=&#8220;&#xf662;||fa||900&#8243; button_icon_placement=&#8220;left&#8220; button_on_hover=&#8220;off&#8220; global_colors_info=&#8220;{%22gcid-heading-color%22:%91%22button_text_color%22%93}&#8220;][\/et_pb_button][\/et_pb_column][et_pb_column type=&#8220;1_3&#8243; _builder_version=&#8220;4.27.4&#8243; _module_preset=&#8220;default&#8220; custom_css_main_element=&#8220;margin: auto&#8220; global_colors_info=&#8220;{}&#8220;][et_pb_button button_url=&#8220;@ET-DC@eyJkeW5hbWljIjp0cnVlLCJjb250ZW50IjoicG9zdF9saW5rX3VybF9wYWdlIiwic2V0dGluZ3MiOnsicG9zdF9pZCI6IjI5NjYifX0=@&#8220; button_text=&#8220;Detailn\u00ed tabulka&#8220; button_alignment=&#8220;center&#8220; _builder_version=&#8220;4.27.4&#8243; _dynamic_attributes=&#8220;button_url&#8220; _module_preset=&#8220;default&#8220; custom_button=&#8220;on&#8220; button_text_size=&#8220;14px&#8220; button_text_color=&#8220;gcid-heading-color&#8220; button_border_width=&#8220;0px&#8220; button_icon=&#8220;&#xe606;||divi||400&#8243; button_icon_placement=&#8220;left&#8220; button_on_hover=&#8220;off&#8220; global_colors_info=&#8220;{%22gcid-heading-color%22:%91%22button_text_color%22%93}&#8220;][\/et_pb_button][\/et_pb_column][\/et_pb_row][\/et_pb_section][et_pb_section fb_built=&#8220;1&#8243; specialty=&#8220;on&#8220; _builder_version=&#8220;4.27.4&#8243; _module_preset=&#8220;default&#8220; background_color=&#8220;gcid-1ceede91-71be-464b-930c-ee204c722893&#8243; background_pattern_width=&#8220;16px&#8220; custom_padding=&#8220;0px||||false|false&#8220; hover_enabled=&#8220;0&#8243; da_disable_devices=&#8220;off|off|off&#8220; global_colors_info=&#8220;{%22gcid-c67e4c14-9f9a-4541-bcfb-a3dbe227e267%22:%91%22background_pattern_color%22%93,%22gcid-1ceede91-71be-464b-930c-ee204c722893%22:%91%22background_color%22%93}&#8220; sticky_enabled=&#8220;0&#8243; da_is_popup=&#8220;off&#8220; da_exit_intent=&#8220;off&#8220; da_has_close=&#8220;on&#8220; da_alt_close=&#8220;off&#8220; da_dark_close=&#8220;off&#8220; da_not_modal=&#8220;on&#8220; da_is_singular=&#8220;off&#8220; da_with_loader=&#8220;off&#8220; da_has_shadow=&#8220;on&#8220;][et_pb_column type=&#8220;1_4&#8243; admin_label=&#8220;Column&#8220; _builder_version=&#8220;4.16&#8243; custom_padding=&#8220;|||&#8220; global_colors_info=&#8220;{}&#8220; custom_padding__hover=&#8220;|||&#8220;][et_pb_text admin_label=&#8220;Text filtr&#8220; _builder_version=&#8220;4.27.4&#8243; _module_preset=&#8220;default&#8220; text_text_color=&#8220;#FFFFFF&#8220; custom_margin=&#8220;||5px|20px|false|false&#8220; global_colors_info=&#8220;{}&#8220;]<\/p>\n<p><strong>Filtr<\/strong><\/p>\n<p>[\/et_pb_text][et_pb_de_mach_filter_posts filter_update_type=&#8220;update_field&#8220; reset_text=&#8220;Resetovat&#8220; filter_location=&#8220;fullwidth&#8220; admin_label=&#8220;Filtr &#8211; modul&#8220; _builder_version=&#8220;4.27.4&#8243; _module_preset=&#8220;default&#8220; filter_headings_font=&#8220;Poppins|700|||||||&#8220; background_color=&#8220;#FFFFFF&#8220; custom_button=&#8220;on&#8220; button_text_size=&#8220;14px&#8220; button_border_radius=&#8220;35px&#8220; button_alignment=&#8220;center&#8220; custom_padding=&#8220;20px|20px|20px|20px|true|true&#8220; border_radii=&#8220;on|20px|20px|20px|20px&#8220; box_shadow_style=&#8220;preset2&#8243; global_colors_info=&#8220;{}&#8220;][et_pb_de_mach_search_posts_item title=&#8220;Platebn\u00ed termin\u00e1ly&#8220; filter_post_type=&#8220;acf&#8220; post_type_choose=&#8220;acquirer&#8220; acf_name=&#8220;field_680e29543bbdf&#8220; acf_filter_type=&#8220;radio&#8220; custom_label=&#8220;Platebn\u00ed termin\u00e1l&#8220; radio_show_empty=&#8220;on&#8220; field_id=&#8220;Field_2_2&#8243; radio_all_text=&#8220;V\u0161e&#8220; _builder_version=&#8220;4.27.4&#8243; _module_preset=&#8220;default&#8220; global_colors_info=&#8220;{}&#8220;][\/et_pb_de_mach_search_posts_item][et_pb_de_mach_search_posts_item title=&#8220;Termin\u00e1l v mobilu&#8220; filter_post_type=&#8220;acf&#8220; post_type_choose=&#8220;acquirer&#8220; acf_name=&#8220;field_680e29543bbdf&#8220; acf_filter_type=&#8220;radio&#8220; custom_label=&#8220;Termin\u00e1l v mobilu&#8220; radio_show_empty=&#8220;on&#8220; field_id=&#8220;Field_2_2_2&#8243; radio_all_text=&#8220;V\u0161e&#8220; _builder_version=&#8220;4.27.4&#8243; _module_preset=&#8220;default&#8220; global_colors_info=&#8220;{}&#8220;][\/et_pb_de_mach_search_posts_item][et_pb_de_mach_search_posts_item title=&#8220;Platebn\u00ed br\u00e1na&#8220; filter_post_type=&#8220;acf&#8220; post_type_choose=&#8220;acquirer&#8220; acf_name=&#8220;field_680e297c3bbe0&#8243; acf_filter_type=&#8220;radio&#8220; custom_label=&#8220;Platebn\u00ed br\u00e1na&#8220; radio_show_empty=&#8220;on&#8220; field_id=&#8220;Field_2_2_2_2&#8243; radio_all_text=&#8220;V\u0161e&#8220; _builder_version=&#8220;4.27.4&#8243; _module_preset=&#8220;default&#8220; global_colors_info=&#8220;{}&#8220;][\/et_pb_de_mach_search_posts_item][et_pb_de_mach_search_posts_item title=&#8220;Pokro\u010dil\u00e1 anal\u00fdza&#8220; filter_post_type=&#8220;acf&#8220; post_type_choose=&#8220;acquirer&#8220; acf_name=&#8220;field_680e29e03bbe3&#8243; acf_filter_type=&#8220;radio&#8220; custom_label=&#8220;Pokro\u010dil\u00e1 anal\u00fdza&#8220; radio_show_empty=&#8220;on&#8220; true_text=&#8220;Ano&#8220; false_text=&#8220;Ne&#8220; field_id=&#8220;Field_2&#8243; radio_all_text=&#8220;V\u0161e&#8220; _builder_version=&#8220;4.27.4&#8243; _module_preset=&#8220;default&#8220; custom_button=&#8220;on&#8220; global_colors_info=&#8220;{}&#8220;][\/et_pb_de_mach_search_posts_item][\/et_pb_de_mach_filter_posts][\/et_pb_column][et_pb_column type=&#8220;3_4&#8243; specialty_columns=&#8220;3&#8243; _builder_version=&#8220;4.16&#8243; custom_padding=&#8220;|||&#8220; global_colors_info=&#8220;{}&#8220; custom_padding__hover=&#8220;|||&#8220;][et_pb_row_inner _builder_version=&#8220;4.27.4&#8243; _module_preset=&#8220;default&#8220; global_colors_info=&#8220;{}&#8220;][et_pb_column_inner saved_specialty_column_type=&#8220;3_4&#8243; _builder_version=&#8220;4.27.4&#8243; _module_preset=&#8220;default&#8220; global_colors_info=&#8220;{}&#8220;][et_pb_text admin_label=&#8220;Text filtr&#8220; _builder_version=&#8220;4.27.4&#8243; _module_preset=&#8220;default&#8220; text_text_color=&#8220;#000000&#8243; custom_margin=&#8220;||5px|20px|false|false&#8220; global_colors_info=&#8220;{}&#8220;]<\/p>\n<p><strong>Seznam<\/strong><\/p>\n<p>[\/et_pb_text][et_pb_de_mach_archive_loop post_type_choose=&#8220;acquirer&#8220; loop_layout=&#8220;3915&#8243; no_posts_layout_text=&#8220;Aktu\u00e1ln\u011b tu nejsou \u017e\u00e1dn\u00ed poskytovatel\u00e9.&#8220; posts_number=&#8220;20&#8243; sort_order=&#8220;acf_field&#8220; acf_sort_field=&#8220;field_680e22a7c8a85&#8243; enable_loadmore=&#8220;infinite&#8220; equal_height=&#8220;on&#8220; columns=&#8220;3&#8243; admin_label=&#8220;Seznam acquirer\u016f&#8220; _builder_version=&#8220;4.27.4&#8243; _module_preset=&#8220;default&#8220; background_enable_color=&#8220;off&#8220; border_radii=&#8220;on|20px|20px|20px|20px&#8220; global_colors_info=&#8220;{}&#8220;][\/et_pb_de_mach_archive_loop][\/et_pb_column_inner][\/et_pb_row_inner][\/et_pb_column][\/et_pb_section]<\/p>\n","protected":false},"excerpt":{"rendered":"<p>Poskytovatel\u00e9 platebn\u00edch \u0159e\u0161en\u00edV\u0161ichni poskytovatel\u00e9 na jednom m\u00edst\u011b &#8211; to je to, co v\u00e1m nikdo nenab\u00eddne, ale my ano. Vyb\u00edrate sv\u00e9ho budouc\u00edho poskytovatele plateb? U n\u00e1s najdete v\u0161echny, p\u0159ehledn\u011b, se v\u0161emi informacemi.Zobrazen\u00ed:FiltrSeznam<\/p>","protected":false},"author":1,"featured_media":0,"parent":0,"menu_order":0,"comment_status":"closed","ping_status":"closed","template":"","meta":{"_acf_changed":false,"_et_pb_use_builder":"on","_et_pb_old_content":"","_et_gb_content_width":"","_monsterinsights_skip_tracking":false,"_monsterinsights_sitenote_active":false,"_monsterinsights_sitenote_note":"","_monsterinsights_sitenote_category":0,"footnotes":""},"class_list":["post-1457","page","type-page","status-publish","hentry"],"acf":[],"jetpack_sharing_enabled":true,"_links":{"self":[{"href":"https:\/\/www.biznisa.com\/en\/wp-json\/wp\/v2\/pages\/1457","targetHints":{"allow":["GET"]}}],"collection":[{"href":"https:\/\/www.biznisa.com\/en\/wp-json\/wp\/v2\/pages"}],"about":[{"href":"https:\/\/www.biznisa.com\/en\/wp-json\/wp\/v2\/types\/page"}],"author":[{"embeddable":true,"href":"https:\/\/www.biznisa.com\/en\/wp-json\/wp\/v2\/users\/1"}],"replies":[{"embeddable":true,"href":"https:\/\/www.biznisa.com\/en\/wp-json\/wp\/v2\/comments?post=1457"}],"version-history":[{"count":48,"href":"https:\/\/www.biznisa.com\/en\/wp-json\/wp\/v2\/pages\/1457\/revisions"}],"predecessor-version":[{"id":5228,"href":"https:\/\/www.biznisa.com\/en\/wp-json\/wp\/v2\/pages\/1457\/revisions\/5228"}],"wp:attachment":[{"href":"https:\/\/www.biznisa.com\/en\/wp-json\/wp\/v2\/media?parent=1457"}],"curies":[{"name":"wp","href":"https:\/\/api.w.org\/{rel}","templated":true}]}}