{"id":1881,"date":"2025-05-03T22:20:28","date_gmt":"2025-05-03T22:20:28","guid":{"rendered":"https:\/\/www.biznisa.com\/?page_id=1881"},"modified":"2025-05-06T08:43:30","modified_gmt":"2025-05-06T08:43:30","slug":"seznam-vsech-nabidek","status":"publish","type":"page","link":"https:\/\/www.biznisa.com\/en\/seznam-vsech-nabidek\/","title":{"rendered":"seznam v\u0161ech nab\u00eddek"},"content":{"rendered":"<p>[et_pb_section fb_built=&#8220;1&#8243; _builder_version=&#8220;4.27.4&#8243; _module_preset=&#8220;default&#8220; background_color=&#8220;gcid-8020c5c5-3063-43d3-92c5-9fcdd948cb76&#8243; custom_padding=&#8220;10px||10px||true|false&#8220; da_disable_devices=&#8220;off|off|off&#8220; global_colors_info=&#8220;{%22gcid-8020c5c5-3063-43d3-92c5-9fcdd948cb76%22:%91%22background_color%22%93}&#8220; da_is_popup=&#8220;off&#8220; da_exit_intent=&#8220;off&#8220; da_has_close=&#8220;on&#8220; da_alt_close=&#8220;off&#8220; da_dark_close=&#8220;off&#8220; da_not_modal=&#8220;on&#8220; da_is_singular=&#8220;off&#8220; da_with_loader=&#8220;off&#8220; da_has_shadow=&#8220;on&#8220;][et_pb_row _builder_version=&#8220;4.27.4&#8243; _module_preset=&#8220;default&#8220; global_colors_info=&#8220;{}&#8220;][et_pb_column type=&#8220;4_4&#8243; _builder_version=&#8220;4.27.4&#8243; _module_preset=&#8220;default&#8220; global_colors_info=&#8220;{}&#8220;][et_pb_button button_url=&#8220;@ET-DC@eyJkeW5hbWljIjp0cnVlLCJjb250ZW50IjoicG9zdF9saW5rX3VybF9wYWdlIiwic2V0dGluZ3MiOnsicG9zdF9pZCI6IjM2NiJ9fQ==@&#8220; button_text=&#8220;zp\u011bt&#8220; button_alignment=&#8220;left&#8220; _builder_version=&#8220;4.27.4&#8243; _dynamic_attributes=&#8220;button_url&#8220; _module_preset=&#8220;default&#8220; custom_button=&#8220;on&#8220; button_text_size=&#8220;14px&#8220; button_text_color=&#8220;#FFFFFF&#8220; button_border_width=&#8220;2px&#8220; button_border_radius=&#8220;20px&#8220; button_font=&#8220;Poppins||||||||&#8220; button_icon=&#8220;&#x34;||divi||400&#8243; button_icon_placement=&#8220;left&#8220; global_colors_info=&#8220;{}&#8220;][\/et_pb_button][\/et_pb_column][\/et_pb_row][et_pb_row column_structure=&#8220;1_2,1_2&#8243; _builder_version=&#8220;4.27.4&#8243; _module_preset=&#8220;default&#8220; global_colors_info=&#8220;{}&#8220;][et_pb_column type=&#8220;1_2&#8243; _builder_version=&#8220;4.27.4&#8243; _module_preset=&#8220;default&#8220; global_colors_info=&#8220;{}&#8220;][et_pb_text _builder_version=&#8220;4.27.4&#8243; _module_preset=&#8220;default&#8220; header_text_color=&#8220;#FFFFFF&#8220; global_colors_info=&#8220;{}&#8220;]<\/p>\n<h1>P\u0159ehled v\u0161ech nab\u00eddek<\/h1>\n<p>[\/et_pb_text][\/et_pb_column][et_pb_column type=&#8220;1_2&#8243; _builder_version=&#8220;4.27.4&#8243; _module_preset=&#8220;default&#8220; global_colors_info=&#8220;{}&#8220;][et_pb_button button_url=&#8220;@ET-DC@eyJkeW5hbWljIjp0cnVlLCJjb250ZW50IjoicG9zdF9saW5rX3VybF9wYWdlIiwic2V0dGluZ3MiOnsicG9zdF9pZCI6IjE5NjUifX0=@&#8220; button_text=&#8220;P\u0159idat nab\u00eddku&#8220; button_alignment=&#8220;right&#8220; _builder_version=&#8220;4.27.4&#8243; _dynamic_attributes=&#8220;button_url&#8220; _module_preset=&#8220;default&#8220; custom_button=&#8220;on&#8220; button_text_size=&#8220;14px&#8220; button_text_color=&#8220;#FFFFFF&#8220; button_border_radius=&#8220;35px&#8220; button_icon=&#8220;&#x50;||divi||400&#8243; button_icon_placement=&#8220;left&#8220; button_on_hover=&#8220;off&#8220; global_colors_info=&#8220;{}&#8220;][\/et_pb_button][\/et_pb_column][\/et_pb_row][\/et_pb_section][et_pb_section fb_built=&#8220;1&#8243; specialty=&#8220;on&#8220; _builder_version=&#8220;4.27.4&#8243; _module_preset=&#8220;default&#8220; background_color=&#8220;gcid-8020c5c5-3063-43d3-92c5-9fcdd948cb76&#8243; custom_padding=&#8220;0px||||false|false&#8220; da_disable_devices=&#8220;off|off|off&#8220; global_colors_info=&#8220;{%22gcid-8020c5c5-3063-43d3-92c5-9fcdd948cb76%22:%91%22background_color%22%93}&#8220; da_is_popup=&#8220;off&#8220; da_exit_intent=&#8220;off&#8220; da_has_close=&#8220;on&#8220; da_alt_close=&#8220;off&#8220; da_dark_close=&#8220;off&#8220; da_not_modal=&#8220;on&#8220; da_is_singular=&#8220;off&#8220; da_with_loader=&#8220;off&#8220; da_has_shadow=&#8220;on&#8220;][et_pb_column type=&#8220;1_4&#8243; _builder_version=&#8220;4.16&#8243; custom_padding=&#8220;|||&#8220; global_colors_info=&#8220;{}&#8220; custom_padding__hover=&#8220;|||&#8220;][et_pb_text _builder_version=&#8220;4.27.4&#8243; _module_preset=&#8220;default&#8220; text_text_color=&#8220;#FFFFFF&#8220; text_font=&#8220;|700|||||||&#8220; hover_enabled=&#8220;0&#8243; sticky_enabled=&#8220;0&#8243; border_width_bottom=&#8220;1px&#8220;]<\/p>\n<p>Filtrace:<\/p>\n<p>[\/et_pb_text][et_pb_de_mach_filter_posts filter_update_type=&#8220;update_field&#8220; reset_text=&#8220;Resetovat filtr&#8220; _builder_version=&#8220;4.27.4&#8243; _module_preset=&#8220;default&#8220; form_field_background_color=&#8220;gcid-8020c5c5-3063-43d3-92c5-9fcdd948cb76&#8243; form_field_text_color=&#8220;#FFFFFF&#8220; form_field_focus_background_color=&#8220;gcid-8020c5c5-3063-43d3-92c5-9fcdd948cb76&#8243; form_field_focus_text_color=&#8220;gcid-9ed2d195-478a-4cbd-b0dc-e3b08e15978f&#8220; title_text_color=&#8220;#FFFFFF&#8220; filter_headings_font=&#8220;|700|||||||&#8220; filter_headings_text_color=&#8220;#ffffff&#8220; background_color=&#8220;gcid-8020c5c5-3063-43d3-92c5-9fcdd948cb76&#8243; custom_button=&#8220;on&#8220; button_text_size=&#8220;14px&#8220; button_text_color=&#8220;#FFFFFF&#8220; button_border_radius=&#8220;35px&#8220; custom_filter_params=&#8220;on&#8220; filter_params_text_size=&#8220;14px&#8220; filter_params_text_color=&#8220;#FFFFFF&#8220; filter_params_bg_color=&#8220;gcid-8020c5c5-3063-43d3-92c5-9fcdd948cb76&#8243; hover_enabled=&#8220;0&#8243; global_colors_info=&#8220;{%22gcid-8020c5c5-3063-43d3-92c5-9fcdd948cb76%22:%91%22filter_item_bg_color%22,%22form_field_background_color%22,%22form_field_focus_background_color%22,%22filter_params_bg_color%22,%22background_color%22%93,%22gcid-9ed2d195-478a-4cbd-b0dc-e3b08e15978f%22:%91%22form_field_focus_text_color%22%93}&#8220; filter_item_bg_color=&#8220;gcid-8020c5c5-3063-43d3-92c5-9fcdd948cb76&#8243; sticky_enabled=&#8220;0&#8243; filter_params_bg_enable_color=&#8220;on&#8220; border_color_all=&#8220;#FFFFFF&#8220;][et_pb_de_mach_search_posts_item title=&#8220;Poskytovatel nab\u00eddky&#8220; filter_post_type=&#8220;acf&#8220; post_type_choose=&#8220;payment-offer&#8220; acf_name=&#8220;field_68169db12a63b&#8220; acf_filter_type=&#8220;radio&#8220; radio_show_empty=&#8220;on&#8220; field_id=&#8220;Field_1&#8243; _builder_version=&#8220;4.27.4&#8243; _module_preset=&#8220;default&#8220; hover_enabled=&#8220;0&#8243; global_colors_info=&#8220;{}&#8220; radio_all_text=&#8220;V\u0161e&#8220; sticky_enabled=&#8220;0&#8243;][\/et_pb_de_mach_search_posts_item][et_pb_de_mach_search_posts_item title=&#8220;Typ nab\u00eddky&#8220; filter_post_type=&#8220;acf&#8220; post_type_choose=&#8220;payment-offer&#8220; acf_name=&#8220;field_681691dfd9682&#8243; field_id=&#8220;Field_2&#8243; _builder_version=&#8220;4.27.4&#8243; _module_preset=&#8220;default&#8220; global_colors_info=&#8220;{}&#8220;][\/et_pb_de_mach_search_posts_item][\/et_pb_de_mach_filter_posts][\/et_pb_column][et_pb_column type=&#8220;3_4&#8243; specialty_columns=&#8220;3&#8243; _builder_version=&#8220;4.16&#8243; custom_padding=&#8220;|||&#8220; global_colors_info=&#8220;{}&#8220; custom_padding__hover=&#8220;|||&#8220;][et_pb_row_inner _builder_version=&#8220;4.27.4&#8243; _module_preset=&#8220;default&#8220; global_colors_info=&#8220;{}&#8220;][et_pb_column_inner saved_specialty_column_type=&#8220;3_4&#8243; _builder_version=&#8220;4.27.4&#8243; _module_preset=&#8220;default&#8220; global_colors_info=&#8220;{}&#8220;][et_pb_de_mach_archive_loop post_type_choose=&#8220;payment-offer&#8220; loop_layout=&#8220;1920&#8243; no_posts_layout_text=&#8220;Moment\u00e1ln\u011b nejsou dostupn\u00e9 \u017e\u00e1dn\u00e9 nab\u00eddky.&#8220; posts_number=&#8220;20&#8243; equal_height=&#8220;on&#8220; pagination_item_background=&#8220;#000000&#8243; _builder_version=&#8220;4.27.4&#8243; _module_preset=&#8220;default&#8220; pagination_font_text_color=&#8220;#FFFFFF&#8220; pagination_font_font_size=&#8220;14px&#8220; custom_button=&#8220;on&#8220; button_text_size=&#8220;14px&#8220; button_text_color=&#8220;#FFFFFF&#8220; button_border_width=&#8220;2px&#8220; button_border_color=&#8220;#FFFFFF&#8220; button_border_radius=&#8220;35px&#8220; button_icon=&#8220;&#xf078;||fa||900&#8243; button_icon_color=&#8220;#FFFFFF&#8220; button_icon_placement=&#8220;left&#8220; button_on_hover=&#8220;off&#8220; hover_enabled=&#8220;0&#8243; global_colors_info=&#8220;{}&#8220; sticky_enabled=&#8220;0&#8243;][\/et_pb_de_mach_archive_loop][\/et_pb_column_inner][\/et_pb_row_inner][\/et_pb_column][\/et_pb_section]<\/p>\n","protected":false},"excerpt":{"rendered":"<p>P\u0159ehled v\u0161ech nab\u00eddekFiltrace:<\/p>","protected":false},"author":1,"featured_media":0,"parent":0,"menu_order":0,"comment_status":"closed","ping_status":"closed","template":"","meta":{"_acf_changed":false,"_et_pb_use_builder":"on","_et_pb_old_content":"","_et_gb_content_width":"","_monsterinsights_skip_tracking":false,"_monsterinsights_sitenote_active":false,"_monsterinsights_sitenote_note":"","_monsterinsights_sitenote_category":0,"footnotes":""},"class_list":["post-1881","page","type-page","status-publish","hentry"],"acf":[],"jetpack_sharing_enabled":true,"_links":{"self":[{"href":"https:\/\/www.biznisa.com\/en\/wp-json\/wp\/v2\/pages\/1881","targetHints":{"allow":["GET"]}}],"collection":[{"href":"https:\/\/www.biznisa.com\/en\/wp-json\/wp\/v2\/pages"}],"about":[{"href":"https:\/\/www.biznisa.com\/en\/wp-json\/wp\/v2\/types\/page"}],"author":[{"embeddable":true,"href":"https:\/\/www.biznisa.com\/en\/wp-json\/wp\/v2\/users\/1"}],"replies":[{"embeddable":true,"href":"https:\/\/www.biznisa.com\/en\/wp-json\/wp\/v2\/comments?post=1881"}],"version-history":[{"count":31,"href":"https:\/\/www.biznisa.com\/en\/wp-json\/wp\/v2\/pages\/1881\/revisions"}],"predecessor-version":[{"id":2255,"href":"https:\/\/www.biznisa.com\/en\/wp-json\/wp\/v2\/pages\/1881\/revisions\/2255"}],"wp:attachment":[{"href":"https:\/\/www.biznisa.com\/en\/wp-json\/wp\/v2\/media?parent=1881"}],"curies":[{"name":"wp","href":"https:\/\/api.w.org\/{rel}","templated":true}]}}