{"id":2857,"date":"2025-05-18T20:21:40","date_gmt":"2025-05-18T20:21:40","guid":{"rendered":"https:\/\/www.biznisa.com\/?page_id=2857"},"modified":"2026-04-16T23:45:03","modified_gmt":"2026-04-16T21:45:03","slug":"vyber-acquirera-pro-vlozeni-nabidky","status":"publish","type":"page","link":"https:\/\/www.biznisa.com\/en\/vyber-acquirera-pro-vlozeni-nabidky\/","title":{"rendered":"V\u00fdb\u011br acquirera pro vlo\u017een\u00ed nab\u00eddky"},"content":{"rendered":"<p>[et_pb_section fb_built=&#8220;1&#8243; _builder_version=&#8220;4.27.6&#8243; _module_preset=&#8220;default&#8220; background_color=&#8220;gcid-4fa1f18a-1fbc-4c85-ad0e-1dad45b1fe09&#8243; display_conditions=&#8220;W10=&#8220; custom_padding=&#8220;10px||||false|false&#8220; hover_enabled=&#8220;0&#8243; da_disable_devices=&#8220;off|off|off&#8220; global_colors_info=&#8220;{%22gcid-c67e4c14-9f9a-4541-bcfb-a3dbe227e267%22:%91%22background_pattern_color%22%93,%22gcid-4fa1f18a-1fbc-4c85-ad0e-1dad45b1fe09%22:%91%22background_color%22%93}&#8220; sticky_enabled=&#8220;0&#8243; da_is_popup=&#8220;off&#8220; da_exit_intent=&#8220;off&#8220; da_has_close=&#8220;on&#8220; da_alt_close=&#8220;off&#8220; da_dark_close=&#8220;off&#8220; da_not_modal=&#8220;on&#8220; da_is_singular=&#8220;off&#8220; da_with_loader=&#8220;off&#8220; da_has_shadow=&#8220;on&#8220;][et_pb_row module_class=&#8220;biz-card&#8211;gradient-green&#8220; _builder_version=&#8220;4.27.6&#8243; _module_preset=&#8220;default&#8220; background_color=&#8220;#FFFFFF&#8220; custom_margin=&#8220;20px||||false|false&#8220; custom_padding=&#8220;20px|20px|20px|20px|true|true&#8220; border_radii=&#8220;on|20px|20px|20px|20px&#8220; border_color_all=&#8220;gcid-c67e4c14-9f9a-4541-bcfb-a3dbe227e267&#8243; global_colors_info=&#8220;{%22gcid-c67e4c14-9f9a-4541-bcfb-a3dbe227e267%22:%91%22border_color_all%22%93}&#8220;][et_pb_column type=&#8220;4_4&#8243; _builder_version=&#8220;4.27.4&#8243; _module_preset=&#8220;default&#8220; global_colors_info=&#8220;{}&#8220;][et_pb_text _builder_version=&#8220;4.27.6&#8243; _module_preset=&#8220;default&#8220; text_text_color=&#8220;#FFFFFF&#8220; text_font_size=&#8220;16px&#8220; header_text_color=&#8220;#000000&#8243; header_font_size=&#8220;48px&#8220; global_colors_info=&#8220;{}&#8220;]<\/p>\n<h1>Vlo\u017een\u00ed nab\u00eddky<\/h1>\n<p>[\/et_pb_text][et_pb_text _builder_version=&#8220;4.27.6&#8243; _module_preset=&#8220;default&#8220; text_text_color=&#8220;#000000&#8243; text_font_size=&#8220;16px&#8220; global_colors_info=&#8220;{}&#8220;]<\/p>\n<p>Vyberte poskytovatele, od kter\u00e9ho sv\u00e9 slu\u017eby dnes vyu\u017e\u00edv\u00e1te.<\/p>\n<p>[\/et_pb_text][et_pb_de_mach_archive_loop post_type_choose=&#8220;acquirer&#8220; loop_layout=&#8220;4412&#8243; no_posts_layout_text=&#8220;Bohu\u017eel nem\u00e1me zat\u00edm v nab\u00eddce \u017e\u00e1dn\u00e9 acquirery.&#8220; sort_order=&#8220;acf_field&#8220; acf_sort_field=&#8220;field_680e22a7c8a85&#8243; equal_height=&#8220;on&#8220; loop_grid_bg_color=&#8220;#FFFFFF&#8220; _builder_version=&#8220;4.27.4&#8243; _module_preset=&#8220;default&#8220; global_colors_info=&#8220;{}&#8220;][\/et_pb_de_mach_archive_loop][\/et_pb_column][\/et_pb_row][\/et_pb_section][et_pb_section fb_built=&#8220;1&#8243; admin_label=&#8220;Jen pro registrovan\u00e9&#8220; _builder_version=&#8220;4.27.4&#8243; _module_preset=&#8220;default&#8220; background_color=&#8220;#FFFFFF&#8220; display_conditions=&#8220;W3siaWQiOiJjZmE2NDg5Ni03MzMzLTRjYzYtODdlNS0wODNhMjgxOWE4MzMiLCJjb25kaXRpb24iOiJsb2dnZWRJblN0YXR1cyIsImNvbmRpdGlvblNldHRpbmdzIjp7ImRpc3BsYXlSdWxlIjoibG9nZ2VkT3V0IiwiYWRtaW5MYWJlbCI6IkxvZ2dlZCBJbiBTdGF0dXMiLCJlbmFibGVDb25kaXRpb24iOiJvbiJ9LCJvcGVyYXRvciI6Ik9SIn1d&#8220; da_disable_devices=&#8220;off|off|off&#8220; global_module=&#8220;3019&#8243; saved_tabs=&#8220;all&#8220; global_colors_info=&#8220;{}&#8220; da_is_popup=&#8220;off&#8220; da_exit_intent=&#8220;off&#8220; da_has_close=&#8220;on&#8220; da_alt_close=&#8220;off&#8220; da_dark_close=&#8220;off&#8220; da_not_modal=&#8220;on&#8220; da_is_singular=&#8220;off&#8220; da_with_loader=&#8220;off&#8220; da_has_shadow=&#8220;on&#8220;][et_pb_row _builder_version=&#8220;4.27.4&#8243; _module_preset=&#8220;default&#8220; global_colors_info=&#8220;{}&#8220;][et_pb_column type=&#8220;4_4&#8243; _builder_version=&#8220;4.27.4&#8243; _module_preset=&#8220;default&#8220; global_colors_info=&#8220;{}&#8220;][et_pb_text _builder_version=&#8220;4.27.4&#8243; _module_preset=&#8220;default&#8220; header_text_align=&#8220;center&#8220; header_text_color=&#8220;#000000&#8243; header_font_size=&#8220;48px&#8220; custom_margin=&#8220;||9px|||&#8220; global_colors_info=&#8220;{}&#8220;]<\/p>\n<h1>Registrovat se m\u00e1 v\u00fdhody!<\/h1>\n<p>[\/et_pb_text][et_pb_text _builder_version=&#8220;4.27.4&#8243; _module_preset=&#8220;default&#8220; text_text_color=&#8220;#000000&#8243; text_font_size=&#8220;18px&#8220; text_orientation=&#8220;center&#8220; global_colors_info=&#8220;{}&#8220;]<\/p>\n<p>Tato sekce je dostupn\u00e1 pouze pro registrovan\u00e9 u\u017eivatele nebo s p\u0159edplatn\u00fdm.<\/p>\n<p>[\/et_pb_text][\/et_pb_column][\/et_pb_row][et_pb_row column_structure=&#8220;1_2,1_2&#8243; make_equal=&#8220;on&#8220; _builder_version=&#8220;4.27.4&#8243; _module_preset=&#8220;default&#8220; custom_padding=&#8220;|20px||20px|false|true&#8220; border_radii=&#8220;on|20px|20px|20px|20px&#8220; border_width_all=&#8220;1px&#8220; border_color_all=&#8220;gcid-c67e4c14-9f9a-4541-bcfb-a3dbe227e267&#8243; global_colors_info=&#8220;{%22gcid-c67e4c14-9f9a-4541-bcfb-a3dbe227e267%22:%91%22border_color_all%22%93}&#8220;][et_pb_column type=&#8220;1_2&#8243; _builder_version=&#8220;4.27.4&#8243; _module_preset=&#8220;default&#8220; global_colors_info=&#8220;{}&#8220;][et_pb_image src=&#8220;https:\/\/www.biznisa.com\/wp-content\/uploads\/2025\/05\/Bizzy_no_background.png&#8220; title_text=&#8220;Bizzy_no_background&#8220; _builder_version=&#8220;4.27.4&#8243; _module_preset=&#8220;default&#8220; global_colors_info=&#8220;{}&#8220;][\/et_pb_image][\/et_pb_column][et_pb_column type=&#8220;1_2&#8243; _builder_version=&#8220;4.27.4&#8243; _module_preset=&#8220;default&#8220; custom_css_main_element=&#8220;margin: auto;&#8220; global_colors_info=&#8220;{}&#8220;][et_pb_text _builder_version=&#8220;4.27.4&#8243; _module_preset=&#8220;default&#8220; text_text_color=&#8220;#000000&#8243; text_font_size=&#8220;18px&#8220; global_colors_info=&#8220;{}&#8220;]<\/p>\n<p>Chcete m\u00edt p\u0159\u00edstup k p\u0159ehledu v\u0161ech poskytovatel\u016f plateb na trhu, k t\u011bm nejv\u011bt\u0161\u00edm detail\u016fm o termin\u00e1lech nebo platebn\u00edch bran\u00e1ch? Chcete vybrat to nejlep\u0161\u00ed \u0159e\u0161en\u00ed na trhu za tu nejlep\u0161\u00ed cenu? Pak jste tu spr\u00e1vn\u011b!<\/p>\n<p>[\/et_pb_text][et_pb_button button_text=&#8220;Katalog v\u0161ech produkt\u016f a slu\u017eeb&#8220; button_alignment=&#8220;left&#8220; _builder_version=&#8220;4.27.4&#8243; _module_preset=&#8220;default&#8220; custom_button=&#8220;on&#8220; button_text_size=&#8220;16px&#8220; button_text_color=&#8220;#000000&#8243; button_border_width=&#8220;0px&#8220; button_border_color=&#8220;#FFFFFF&#8220; button_icon=&#8220;&#x3d;||divi||400&#8243; button_icon_color=&#8220;gcid-9ed2d195-478a-4cbd-b0dc-e3b08e15978f&#8220; button_icon_placement=&#8220;left&#8220; button_on_hover=&#8220;off&#8220; custom_margin=&#8220;0px||0px||false|false&#8220; global_colors_info=&#8220;{%22gcid-9ed2d195-478a-4cbd-b0dc-e3b08e15978f%22:%91%22button_icon_color%22%93}&#8220;][\/et_pb_button][et_pb_button button_text=&#8220;Mo\u017enost poptat slu\u017eby za nejlep\u0161\u00ed cenu online&#8220; button_alignment=&#8220;left&#8220; _builder_version=&#8220;4.27.4&#8243; _module_preset=&#8220;default&#8220; custom_button=&#8220;on&#8220; button_text_size=&#8220;16px&#8220; button_text_color=&#8220;#000000&#8243; button_border_width=&#8220;0px&#8220; button_border_color=&#8220;#FFFFFF&#8220; button_icon=&#8220;&#x3d;||divi||400&#8243; button_icon_color=&#8220;gcid-9ed2d195-478a-4cbd-b0dc-e3b08e15978f&#8220; button_icon_placement=&#8220;left&#8220; button_on_hover=&#8220;off&#8220; custom_margin=&#8220;0px||0px||false|false&#8220; global_colors_info=&#8220;{%22gcid-9ed2d195-478a-4cbd-b0dc-e3b08e15978f%22:%91%22button_icon_color%22%93}&#8220;][\/et_pb_button][et_pb_button button_text=&#8220;Srovn\u00e1va\u010d v\u0161ech nab\u00eddek a slu\u017eeb na trhu.&#8220; button_alignment=&#8220;left&#8220; _builder_version=&#8220;4.27.4&#8243; _module_preset=&#8220;default&#8220; custom_button=&#8220;on&#8220; button_text_size=&#8220;16px&#8220; button_text_color=&#8220;#000000&#8243; button_border_width=&#8220;0px&#8220; button_border_color=&#8220;#FFFFFF&#8220; button_icon=&#8220;&#x3d;||divi||400&#8243; button_icon_color=&#8220;gcid-9ed2d195-478a-4cbd-b0dc-e3b08e15978f&#8220; button_icon_placement=&#8220;left&#8220; button_on_hover=&#8220;off&#8220; custom_margin=&#8220;0px||0px||false|false&#8220; global_colors_info=&#8220;{%22gcid-9ed2d195-478a-4cbd-b0dc-e3b08e15978f%22:%91%22button_icon_color%22%93}&#8220;][\/et_pb_button][et_pb_button button_text=&#8220;Vyu\u017e\u00edv\u00e1n\u00ed slu\u017eeb za trvale nejlep\u0161\u00ed ceny.&#8220; button_alignment=&#8220;left&#8220; _builder_version=&#8220;4.27.4&#8243; _module_preset=&#8220;default&#8220; custom_button=&#8220;on&#8220; button_text_size=&#8220;16px&#8220; button_text_color=&#8220;#000000&#8243; button_border_width=&#8220;0px&#8220; button_border_color=&#8220;#FFFFFF&#8220; button_icon=&#8220;&#x3d;||divi||400&#8243; button_icon_color=&#8220;gcid-9ed2d195-478a-4cbd-b0dc-e3b08e15978f&#8220; button_icon_placement=&#8220;left&#8220; button_on_hover=&#8220;off&#8220; custom_margin=&#8220;0px||0px||false|false&#8220; global_colors_info=&#8220;{%22gcid-9ed2d195-478a-4cbd-b0dc-e3b08e15978f%22:%91%22button_icon_color%22%93}&#8220;][\/et_pb_button][et_pb_button button_url=&#8220;@ET-DC@eyJkeW5hbWljIjp0cnVlLCJjb250ZW50IjoicG9zdF9saW5rX3VybF9wYWdlIiwic2V0dGluZ3MiOnsicG9zdF9pZCI6IjI1In19@&#8220; button_text=&#8220;Registrace&#8220; _builder_version=&#8220;4.27.4&#8243; _dynamic_attributes=&#8220;button_url&#8220; _module_preset=&#8220;default&#8220; custom_button=&#8220;on&#8220; button_text_color=&#8220;gcid-9ed2d195-478a-4cbd-b0dc-e3b08e15978f&#8220; button_border_radius=&#8220;36px&#8220; custom_margin=&#8220;20px||||false|false&#8220; global_colors_info=&#8220;{%22gcid-9ed2d195-478a-4cbd-b0dc-e3b08e15978f%22:%91%22button_text_color%22%93}&#8220;][\/et_pb_button][\/et_pb_column][\/et_pb_row][\/et_pb_section]<\/p>\n","protected":false},"excerpt":{"rendered":"<p>Vlo\u017een\u00ed nab\u00eddkyVyberte poskytovatele, od kter\u00e9ho sv\u00e9 slu\u017eby dnes vyu\u017e\u00edv\u00e1te.Registrovat se m\u00e1 v\u00fdhody!Tato sekce je dostupn\u00e1 pouze pro registrovan\u00e9 u\u017eivatele nebo s p\u0159edplatn\u00fdm.Chcete m\u00edt p\u0159\u00edstup k p\u0159ehledu v\u0161ech poskytovatel\u016f plateb na trhu, k t\u011bm nejv\u011bt\u0161\u00edm detail\u016fm o termin\u00e1lech nebo platebn\u00edch bran\u00e1ch? Chcete vybrat to nejlep\u0161\u00ed \u0159e\u0161en\u00ed na trhu za tu nejlep\u0161\u00ed cenu? Pak jste tu spr\u00e1vn\u011b!<\/p>","protected":false},"author":1,"featured_media":0,"parent":0,"menu_order":0,"comment_status":"closed","ping_status":"closed","template":"","meta":{"_acf_changed":false,"_et_pb_use_builder":"on","_et_pb_old_content":"","_et_gb_content_width":"","_monsterinsights_skip_tracking":false,"_monsterinsights_sitenote_active":false,"_monsterinsights_sitenote_note":"","_monsterinsights_sitenote_category":0,"footnotes":""},"class_list":["post-2857","page","type-page","status-publish","hentry"],"acf":[],"jetpack_sharing_enabled":true,"_links":{"self":[{"href":"https:\/\/www.biznisa.com\/en\/wp-json\/wp\/v2\/pages\/2857","targetHints":{"allow":["GET"]}}],"collection":[{"href":"https:\/\/www.biznisa.com\/en\/wp-json\/wp\/v2\/pages"}],"about":[{"href":"https:\/\/www.biznisa.com\/en\/wp-json\/wp\/v2\/types\/page"}],"author":[{"embeddable":true,"href":"https:\/\/www.biznisa.com\/en\/wp-json\/wp\/v2\/users\/1"}],"replies":[{"embeddable":true,"href":"https:\/\/www.biznisa.com\/en\/wp-json\/wp\/v2\/comments?post=2857"}],"version-history":[{"count":15,"href":"https:\/\/www.biznisa.com\/en\/wp-json\/wp\/v2\/pages\/2857\/revisions"}],"predecessor-version":[{"id":7339,"href":"https:\/\/www.biznisa.com\/en\/wp-json\/wp\/v2\/pages\/2857\/revisions\/7339"}],"wp:attachment":[{"href":"https:\/\/www.biznisa.com\/en\/wp-json\/wp\/v2\/media?parent=2857"}],"curies":[{"name":"wp","href":"https:\/\/api.w.org\/{rel}","templated":true}]}}