{"id":37,"date":"2025-02-04T21:16:23","date_gmt":"2025-02-04T21:16:23","guid":{"rendered":"https:\/\/www.biznisa.com\/reference\/"},"modified":"2025-02-04T21:20:31","modified_gmt":"2025-02-04T21:20:31","slug":"reference","status":"publish","type":"page","link":"https:\/\/www.biznisa.com\/en\/reference\/","title":{"rendered":"Reference"},"content":{"rendered":"<div class=\"wp-block-group alignfull has-foreground-background-color has-background is-layout-constrained wp-block-group-is-layout-constrained\" style=\"margin-top:0;margin-bottom:0;padding-top:0;padding-bottom:0\">\n<div class=\"wp-block-group alignwide is-layout-constrained wp-block-group-is-layout-constrained\" style=\"padding-top:var(--wp--preset--spacing--30);padding-bottom:var(--wp--preset--spacing--30)\">\n<h1 class=\"wp-block-heading alignwide has-background-color has-text-color\" style=\"font-size:1.25rem\">Reference<\/h1>\n<\/div>\n<\/div>\n\n<div class=\"wp-block-group alignfull has-tertiary-background-color has-background is-layout-constrained wp-container-core-group-is-layout-cad32e20 wp-block-group-is-layout-constrained\" id=\"reference\" style=\"margin-top:0;margin-bottom:0;padding-top:var(--wp--preset--spacing--60);padding-right:var(--wp--preset--spacing--30);padding-bottom:var(--wp--preset--spacing--60);padding-left:var(--wp--preset--spacing--30)\">\n<div class=\"wp-block-group alignwide is-content-justification-center is-layout-constrained wp-block-group-is-layout-constrained\" style=\"margin-bottom:var(--wp--preset--spacing--50)\">\n<h2 class=\"wp-block-heading has-text-align-center\">Pro\u010d je kl\u00ed\u010dov\u00e9 zvolit spr\u00e1vnou platebn\u00ed br\u00e1nu<\/h2>\n\n\n\n<p class=\"has-text-align-center has-medium-font-size\" style=\"margin-top:16px\">Na\u0161i klienti sd\u00edlej\u00ed sv\u00e9 pozitivn\u00ed zku\u0161enosti a spokojenost s na\u0161imi profesion\u00e1ln\u00edmi slu\u017ebami.<\/p>\n<\/div>\n\n\n\n<div class=\"wp-block-columns alignwide is-layout-flex wp-container-core-columns-is-layout-9d6595d7 wp-block-columns-is-layout-flex\">\n<div class=\"wp-block-column is-vertically-aligned-stretch is-layout-flow wp-block-column-is-layout-flow\" style=\"flex-basis:66.66%\">\n<div class=\"wp-block-cover has-custom-content-position is-position-bottom-center\" style=\"border-radius:1.5rem;padding-top:var(--wp--preset--spacing--30);padding-right:var(--wp--preset--spacing--30);padding-bottom:var(--wp--preset--spacing--30);padding-left:var(--wp--preset--spacing--30);min-height:35vh;aspect-ratio:unset;\"><span aria-hidden=\"true\" class=\"wp-block-cover__background has-background-dim-60 has-background-dim\"><\/span><img loading=\"lazy\" decoding=\"async\" width=\"1280\" height=\"1920\" class=\"wp-block-cover__image-background wp-image-95\" alt=\"\" src=\"https:\/\/www.biznisa.com\/wp-content\/uploads\/2025\/02\/b74ecba39ee196a1b029924435a3270db604ba87.jpg\" data-object-fit=\"cover\" srcset=\"https:\/\/www.biznisa.com\/wp-content\/uploads\/2025\/02\/b74ecba39ee196a1b029924435a3270db604ba87.jpg 1280w, https:\/\/www.biznisa.com\/wp-content\/uploads\/2025\/02\/b74ecba39ee196a1b029924435a3270db604ba87-600x900.jpg 600w, https:\/\/www.biznisa.com\/wp-content\/uploads\/2025\/02\/b74ecba39ee196a1b029924435a3270db604ba87-200x300.jpg 200w, https:\/\/www.biznisa.com\/wp-content\/uploads\/2025\/02\/b74ecba39ee196a1b029924435a3270db604ba87-683x1024.jpg 683w, https:\/\/www.biznisa.com\/wp-content\/uploads\/2025\/02\/b74ecba39ee196a1b029924435a3270db604ba87-768x1152.jpg 768w, https:\/\/www.biznisa.com\/wp-content\/uploads\/2025\/02\/b74ecba39ee196a1b029924435a3270db604ba87-1024x1536.jpg 1024w\" sizes=\"(max-width: 1280px) 100vw, 1280px\" \/><div class=\"wp-block-cover__inner-container is-layout-constrained wp-container-core-cover-is-layout-651e6f64 wp-block-cover-is-layout-constrained\">\n<div class=\"wp-block-group is-layout-constrained wp-block-group-is-layout-constrained\">\n<p style=\"font-size:32px;font-style:normal;font-weight:600;line-height:1.4\">Doporu\u010den\u00ed, kter\u00e9 podtrhuje vynikaj\u00edc\u00ed v\u00fdsledky a prvot\u0159\u00eddn\u00ed slu\u017eby, je\u017e jsme poskytli.<\/p>\n\n\n\n<h4 class=\"wp-block-heading has-small-font-size\">Jan Novak<\/h4>\n\n\n\n<p class=\"has-small-font-size\" style=\"margin-top:2px\">Vedouc\u00ed finan\u010dn\u00edho odd\u011blen\u00ed<\/p>\n<\/div>\n<\/div><\/div>\n<\/div>\n\n\n\n<div class=\"wp-block-column is-vertically-aligned-stretch is-layout-flow wp-block-column-is-layout-flow\" style=\"flex-basis:33.33%\">\n<div class=\"wp-block-group has-background-color has-primary-background-color has-text-color has-background has-link-color wp-elements-58334110c7dc3c880dc368446666a6f8 is-layout-constrained wp-container-core-group-is-layout-d1ab6ec1 wp-block-group-is-layout-constrained\" style=\"border-radius:1.5rem;min-height:100%;padding-top:var(--wp--preset--spacing--40);padding-right:var(--wp--preset--spacing--30);padding-bottom:var(--wp--preset--spacing--40);padding-left:var(--wp--preset--spacing--30)\">\n<p style=\"font-size:24px;font-style:normal;font-weight:600;line-height:1.4\">Skv\u011bl\u00e1 zku\u0161enost s na\u0161\u00edm t\u00fdmem, kter\u00fd poskytl bezchybnou slu\u017ebu.<\/p>\n\n\n\n<h4 class=\"wp-block-heading has-background-color has-text-color has-link-color has-small-font-size wp-elements-1df164adecae5cbaf4f52ff387b99574\">Eva Dvo\u0159\u00e1kov\u00e1<\/h4>\n\n\n\n<p class=\"has-small-font-size\" style=\"margin-top:2px\">\u0158editelka IT odd\u011blen\u00ed<\/p>\n<\/div>\n<\/div>\n<\/div>\n\n\n\n<div class=\"wp-block-columns alignwide is-layout-flex wp-container-core-columns-is-layout-9d6595d7 wp-block-columns-is-layout-flex\">\n<div class=\"wp-block-column is-vertically-aligned-stretch is-layout-flow wp-block-column-is-layout-flow\" style=\"flex-basis:33.33%\">\n<div class=\"wp-block-group has-background-color has-foreground-background-color has-text-color has-background has-link-color wp-elements-5811e3f3bba11ae9c4645fa82c1e5954 is-layout-constrained wp-container-core-group-is-layout-d1ab6ec1 wp-block-group-is-layout-constrained\" style=\"border-radius:1.5rem;min-height:100%;padding-top:var(--wp--preset--spacing--40);padding-right:var(--wp--preset--spacing--30);padding-bottom:var(--wp--preset--spacing--40);padding-left:var(--wp--preset--spacing--30)\">\n<p style=\"font-size:24px;font-style:normal;font-weight:600;line-height:1.4\">Reference zd\u016fraz\u0148uj\u00edc\u00ed na\u0161i profesionalitu a v\u00fdjime\u010dnou kvalitu poskytovan\u00fdch slu\u017eeb.<\/p>\n\n\n\n<h4 class=\"wp-block-heading has-background-color has-text-color has-link-color has-small-font-size wp-elements-0c003979927fee07d3d02d2c4dae0bce\">Petr Svoboda<\/h4>\n\n\n\n<p class=\"has-small-font-size\" style=\"margin-top:2px\">Projektov\u00fd mana\u017eer<\/p>\n<\/div>\n<\/div>\n\n\n\n<div class=\"wp-block-column is-layout-flow wp-block-column-is-layout-flow\" style=\"flex-basis:66.66%\">\n<div class=\"wp-block-cover has-custom-content-position is-position-bottom-center\" style=\"border-radius:1.5rem;padding-top:var(--wp--preset--spacing--30);padding-right:var(--wp--preset--spacing--30);padding-bottom:var(--wp--preset--spacing--30);padding-left:var(--wp--preset--spacing--30);min-height:35vh;aspect-ratio:unset;\"><span aria-hidden=\"true\" class=\"wp-block-cover__background has-background-dim-60 has-background-dim\"><\/span><img loading=\"lazy\" decoding=\"async\" width=\"1280\" height=\"853\" class=\"wp-block-cover__image-background wp-image-92\" alt=\"\" src=\"https:\/\/www.biznisa.com\/wp-content\/uploads\/2025\/02\/da92ca64e630603cff1cac7d308ef4252528ecbf.jpg\" data-object-fit=\"cover\" srcset=\"https:\/\/www.biznisa.com\/wp-content\/uploads\/2025\/02\/da92ca64e630603cff1cac7d308ef4252528ecbf.jpg 1280w, https:\/\/www.biznisa.com\/wp-content\/uploads\/2025\/02\/da92ca64e630603cff1cac7d308ef4252528ecbf-600x400.jpg 600w, https:\/\/www.biznisa.com\/wp-content\/uploads\/2025\/02\/da92ca64e630603cff1cac7d308ef4252528ecbf-300x200.jpg 300w, https:\/\/www.biznisa.com\/wp-content\/uploads\/2025\/02\/da92ca64e630603cff1cac7d308ef4252528ecbf-1024x682.jpg 1024w, https:\/\/www.biznisa.com\/wp-content\/uploads\/2025\/02\/da92ca64e630603cff1cac7d308ef4252528ecbf-768x512.jpg 768w\" sizes=\"(max-width: 1280px) 100vw, 1280px\" \/><div class=\"wp-block-cover__inner-container is-layout-constrained wp-container-core-cover-is-layout-651e6f64 wp-block-cover-is-layout-constrained\">\n<div class=\"wp-block-group is-layout-constrained wp-block-group-is-layout-constrained\">\n<p style=\"font-size:32px;font-style:normal;font-weight:600;line-height:1.4\">Hodnocen\u00ed, kter\u00e9 vyjad\u0159uje naprostou spokojenost s na\u0161imi slu\u017ebami a celkov\u00fdm p\u0159\u00edstupem.<\/p>\n\n\n\n<h4 class=\"wp-block-heading has-small-font-size\">Lenka Hor\u00e1kov\u00e1<\/h4>\n\n\n\n<p class=\"has-small-font-size\" style=\"margin-top:2px\">Mana\u017eerka z\u00e1kaznick\u00e9ho servisu<\/p>\n<\/div>\n<\/div><\/div>\n<\/div>\n<\/div>\n<\/div>\n\n<div class=\"wp-block-group alignfull has-background-background-color has-background is-layout-constrained wp-container-core-group-is-layout-dddc33e4 wp-block-group-is-layout-constrained\" id=\"o-nas\" style=\"margin-top:0;margin-bottom:0;padding-top:var(--wp--preset--spacing--50);padding-right:var(--wp--preset--spacing--30);padding-bottom:var(--wp--preset--spacing--60);padding-left:var(--wp--preset--spacing--30)\">\n<div class=\"wp-block-group alignwide is-content-justification-center is-layout-constrained wp-block-group-is-layout-constrained\">\n<h2 class=\"wp-block-heading has-text-align-center\">Zlep\u0161ete sv\u016fj podnik s na\u0161imi \u0159e\u0161en\u00edmi<\/h2>\n\n\n\n<p class=\"has-text-align-center has-medium-font-size\" style=\"margin-top:16px\">Tato sekce nab\u00edz\u00ed detailn\u00ed anal\u00fdzy trend\u016f, v\u00fdkonnostn\u00edch ukazatel\u016f a \u00fasp\u011bch\u016f v r\u016fzn\u00fdch oblastech pro ilustraci r\u016fstu a \u00fasp\u011bchu.<\/p>\n<\/div>\n\n\n\n<div class=\"wp-block-columns alignwide has-tertiary-background-color has-background is-layout-flex wp-container-core-columns-is-layout-b17ae2e2 wp-block-columns-is-layout-flex\" style=\"border-radius:1.5rem;padding-top:var(--wp--preset--spacing--50);padding-right:var(--wp--preset--spacing--50);padding-bottom:var(--wp--preset--spacing--50);padding-left:var(--wp--preset--spacing--50)\">\n<div class=\"wp-block-column is-layout-flow wp-block-column-is-layout-flow\">\n<h3 class=\"wp-block-heading has-text-align-center has-primary-color has-text-color has-x-large-font-size\">98<\/h3>\n\n\n\n<h3 class=\"wp-block-heading has-text-align-center has-medium-font-size\" style=\"margin-top:16px\">Metoda jedna<\/h3>\n<\/div>\n\n\n\n<div class=\"wp-block-column is-layout-flow wp-block-column-is-layout-flow\">\n<h3 class=\"wp-block-heading has-text-align-center has-primary-color has-text-color has-x-large-font-size\">4500+<\/h3>\n\n\n\n<h3 class=\"wp-block-heading has-text-align-center has-medium-font-size\" style=\"margin-top:16px\">Metoda t\u0159i<\/h3>\n<\/div>\n\n\n\n<div class=\"wp-block-column is-layout-flow wp-block-column-is-layout-flow\">\n<h3 class=\"wp-block-heading has-text-align-center has-primary-color has-text-color has-x-large-font-size\">365<\/h3>\n\n\n\n<h3 class=\"wp-block-heading has-text-align-center has-medium-font-size\" style=\"margin-top:16px\">Metoda \u010dty\u0159i<\/h3>\n<\/div>\n<\/div>\n<\/div>\n\n<div class=\"wp-block-group alignfull has-tertiary-background-color has-background is-layout-constrained wp-block-group-is-layout-constrained\" style=\"margin-top:0;margin-bottom:0;padding-top:var(--wp--preset--spacing--60);padding-bottom:var(--wp--preset--spacing--60)\">\n<div class=\"wp-block-columns alignwide are-vertically-aligned-center has-background-background-color has-background is-layout-flex wp-container-core-columns-is-layout-70438cd4 wp-block-columns-is-layout-flex\" style=\"border-radius:1.5rem;padding-top:var(--wp--preset--spacing--40);padding-right:var(--wp--preset--spacing--40);padding-bottom:var(--wp--preset--spacing--40);padding-left:var(--wp--preset--spacing--40)\">\n<div class=\"wp-block-column is-vertically-aligned-center is-layout-flow wp-block-column-is-layout-flow\" style=\"flex-basis:40%\">\n<figure class=\"wp-block-image has-custom-border\"><img loading=\"lazy\" decoding=\"async\" width=\"1280\" height=\"1920\" class=\"wp-image-95\" src=\"https:\/\/www.biznisa.com\/wp-content\/uploads\/2025\/02\/b74ecba39ee196a1b029924435a3270db604ba87.jpg\" alt=\"\" style=\"border-radius:1.5rem;aspect-ratio:1;object-fit:cover\" srcset=\"https:\/\/www.biznisa.com\/wp-content\/uploads\/2025\/02\/b74ecba39ee196a1b029924435a3270db604ba87.jpg 1280w, https:\/\/www.biznisa.com\/wp-content\/uploads\/2025\/02\/b74ecba39ee196a1b029924435a3270db604ba87-600x900.jpg 600w, https:\/\/www.biznisa.com\/wp-content\/uploads\/2025\/02\/b74ecba39ee196a1b029924435a3270db604ba87-200x300.jpg 200w, https:\/\/www.biznisa.com\/wp-content\/uploads\/2025\/02\/b74ecba39ee196a1b029924435a3270db604ba87-683x1024.jpg 683w, https:\/\/www.biznisa.com\/wp-content\/uploads\/2025\/02\/b74ecba39ee196a1b029924435a3270db604ba87-768x1152.jpg 768w, https:\/\/www.biznisa.com\/wp-content\/uploads\/2025\/02\/b74ecba39ee196a1b029924435a3270db604ba87-1024x1536.jpg 1024w\" sizes=\"(max-width: 1280px) 100vw, 1280px\" \/><\/figure>\n<\/div>\n\n\n\n<div class=\"wp-block-column is-vertically-aligned-center is-layout-flow wp-block-column-is-layout-flow\" style=\"flex-basis:50%\">\n<div class=\"wp-block-group is-content-justification-left is-layout-constrained wp-container-core-group-is-layout-9a0c8d9f wp-block-group-is-layout-constrained\" style=\"padding-top:var(--wp--preset--spacing--30);padding-right:0;padding-bottom:var(--wp--preset--spacing--30);padding-left:0\">\n<h2 class=\"wp-block-heading\" style=\"margin-top:12px\">Zvolte ide\u00e1ln\u00ed platebn\u00ed \u0159e\u0161en\u00ed<\/h2>\n\n\n\n<p class=\"has-medium-font-size\" style=\"margin-top:16px\">Zapojte se nyn\u00ed! P\u0159ihlaste se k odb\u011bru novinek pro exkluzivn\u00ed p\u0159\u00edstup k na\u0161im slu\u017eb\u00e1m. Neust\u00e1le rosteme a poskytujeme v\u00e1m nejlep\u0161\u00ed poradenstv\u00ed na trhu.<\/p>\n\n\n\n<div class=\"wp-block-buttons is-layout-flex wp-block-buttons-is-layout-flex\" style=\"margin-top:var(--wp--preset--spacing--40)\">\n<div class=\"wp-block-button\"><a class=\"wp-block-button__link wp-element-button\" href=\"https:\/\/www.biznisa.com\/en\/sluzby\/\">Find out more<\/a><\/div>\n<\/div>\n<\/div>\n<\/div>\n<\/div>\n<\/div>","protected":false},"excerpt":{"rendered":"<p>Reference Pro\u010d je kl\u00ed\u010dov\u00e9 zvolit spr\u00e1vnou platebn\u00ed br\u00e1nu Na\u0161i klienti sd\u00edlej\u00ed sv\u00e9 pozitivn\u00ed zku\u0161enosti a spokojenost s na\u0161imi profesion\u00e1ln\u00edmi slu\u017ebami. Skv\u011bl\u00e1 zku\u0161enost s na\u0161\u00edm t\u00fdmem, kter\u00fd poskytl bezchybnou slu\u017ebu. Eva Dvo\u0159\u00e1kov\u00e1 \u0158editelka IT odd\u011blen\u00ed Reference zd\u016fraz\u0148uj\u00edc\u00ed na\u0161i profesionalitu a v\u00fdjime\u010dnou kvalitu poskytovan\u00fdch slu\u017eeb. Petr Svoboda Projektov\u00fd mana\u017eer Zlep\u0161ete sv\u016fj podnik s na\u0161imi \u0159e\u0161en\u00edmi Tato sekce [&hellip;]<\/p>\n","protected":false},"author":1,"featured_media":0,"parent":0,"menu_order":0,"comment_status":"closed","ping_status":"closed","template":"no-title","meta":{"_acf_changed":false,"_et_pb_use_builder":"","_et_pb_old_content":"","_et_gb_content_width":"","_monsterinsights_skip_tracking":false,"_monsterinsights_sitenote_active":false,"_monsterinsights_sitenote_note":"","_monsterinsights_sitenote_category":0,"footnotes":""},"class_list":["post-37","page","type-page","status-publish","hentry"],"acf":[],"jetpack_sharing_enabled":true,"_links":{"self":[{"href":"https:\/\/www.biznisa.com\/en\/wp-json\/wp\/v2\/pages\/37","targetHints":{"allow":["GET"]}}],"collection":[{"href":"https:\/\/www.biznisa.com\/en\/wp-json\/wp\/v2\/pages"}],"about":[{"href":"https:\/\/www.biznisa.com\/en\/wp-json\/wp\/v2\/types\/page"}],"author":[{"embeddable":true,"href":"https:\/\/www.biznisa.com\/en\/wp-json\/wp\/v2\/users\/1"}],"replies":[{"embeddable":true,"href":"https:\/\/www.biznisa.com\/en\/wp-json\/wp\/v2\/comments?post=37"}],"version-history":[{"count":2,"href":"https:\/\/www.biznisa.com\/en\/wp-json\/wp\/v2\/pages\/37\/revisions"}],"predecessor-version":[{"id":102,"href":"https:\/\/www.biznisa.com\/en\/wp-json\/wp\/v2\/pages\/37\/revisions\/102"}],"wp:attachment":[{"href":"https:\/\/www.biznisa.com\/en\/wp-json\/wp\/v2\/media?parent=37"}],"curies":[{"name":"wp","href":"https:\/\/api.w.org\/{rel}","templated":true}]}}