{"id":392,"date":"2025-02-26T22:02:28","date_gmt":"2025-02-26T22:02:28","guid":{"rendered":"https:\/\/www.biznisa.com\/?page_id=392"},"modified":"2026-01-28T22:12:40","modified_gmt":"2026-01-28T21:12:40","slug":"moje-spolecnosti","status":"publish","type":"page","link":"https:\/\/www.biznisa.com\/en\/moje-spolecnosti\/","title":{"rendered":"My companies"},"content":{"rendered":"<p>[et_pb_section fb_built=&#8220;1&#8243; _builder_version=&#8220;4.27.4&#8243; _module_preset=&#8220;default&#8220; background_color=&#8220;gcid-4fa1f18a-1fbc-4c85-ad0e-1dad45b1fe09&#8243; background_pattern_width=&#8220;16px&#8220; custom_padding=&#8220;10px||||false|false&#8220; hover_enabled=&#8220;0&#8243; da_disable_devices=&#8220;off|off|off&#8220; global_colors_info=&#8220;{%22gcid-c67e4c14-9f9a-4541-bcfb-a3dbe227e267%22:%91%22background_pattern_color%22%93,%22gcid-4fa1f18a-1fbc-4c85-ad0e-1dad45b1fe09%22:%91%22background_color%22%93}&#8220; sticky_enabled=&#8220;0&#8243; da_is_popup=&#8220;off&#8220; da_exit_intent=&#8220;off&#8220; da_has_close=&#8220;on&#8220; da_alt_close=&#8220;off&#8220; da_dark_close=&#8220;off&#8220; da_not_modal=&#8220;on&#8220; da_is_singular=&#8220;off&#8220; da_with_loader=&#8220;off&#8220; da_has_shadow=&#8220;on&#8220;][et_pb_row column_structure=&#8220;1_2,1_2&#8243; admin_label=&#8220;Nadpis&#8220; _builder_version=&#8220;4.27.4&#8243; _module_preset=&#8220;default&#8220; background_color=&#8220;#FFFFFF&#8220; width_tablet=&#8220;&#8220; width_phone=&#8220;90%&#8220; width_last_edited=&#8220;on|phone&#8220; custom_padding=&#8220;|20px||20px|false|true&#8220; hover_enabled=&#8220;0&#8243; border_radii=&#8220;off|20px|20px||&#8220; border_width_top=&#8220;1px&#8220; border_color_top=&#8220;gcid-c67e4c14-9f9a-4541-bcfb-a3dbe227e267&#8243; border_width_right=&#8220;1px&#8220; border_color_right=&#8220;gcid-c67e4c14-9f9a-4541-bcfb-a3dbe227e267&#8243; border_width_left=&#8220;1px&#8220; border_color_left=&#8220;gcid-c67e4c14-9f9a-4541-bcfb-a3dbe227e267&#8243; global_colors_info=&#8220;{%22gcid-c67e4c14-9f9a-4541-bcfb-a3dbe227e267%22:%91%22border_color_left%22,%22border_color_right%22,%22border_color_top%22%93}&#8220; custom_margin=&#8220;20px||||false|false&#8220; sticky_enabled=&#8220;0&#8243;][et_pb_column type=&#8220;1_2&#8243; _builder_version=&#8220;4.27.4&#8243; _module_preset=&#8220;default&#8220; global_colors_info=&#8220;{}&#8220;][et_pb_text _builder_version=&#8220;4.27.4&#8243; _module_preset=&#8220;default&#8220; header_font=&#8220;Poppins|700|||||||&#8220; header_text_color=&#8220;#000000&#8243; global_colors_info=&#8220;{}&#8220;]<\/p>\n<h1>Moje spole\u010dnosti<\/h1>\n<p>[\/et_pb_text][et_pb_text _builder_version=&#8220;4.27.4&#8243; _module_preset=&#8220;default&#8220; custom_margin=&#8220;-22px|||||&#8220; global_colors_info=&#8220;{}&#8220;]<\/p>\n<p>P\u0159ehled v\u0161ech va\u0161ich spole\u010dnost\u00ed.<\/p>\n<p>[\/et_pb_text][\/et_pb_column][et_pb_column type=&#8220;1_2&#8243; _builder_version=&#8220;4.27.4&#8243; _module_preset=&#8220;default&#8220; global_colors_info=&#8220;{}&#8220;][et_pb_button button_url=&#8220;@ET-DC@eyJkeW5hbWljIjp0cnVlLCJjb250ZW50IjoicG9zdF9saW5rX3VybF9wYWdlIiwic2V0dGluZ3MiOnsicG9zdF9pZCI6IjM4NiJ9fQ==@&#8220; button_text=&#8220;P\u0159idat spole\u010dnost&#8220; button_alignment=&#8220;right&#8220; _builder_version=&#8220;4.27.4&#8243; _dynamic_attributes=&#8220;button_url&#8220; _module_preset=&#8220;default&#8220; custom_button=&#8220;on&#8220; button_text_size=&#8220;14px&#8220; button_text_color=&#8220;gcid-ff69abd8-a994-471c-aec5-060b433d1d92&#8243; button_bg_color=&#8220;#FFFFFF&#8220; button_border_width=&#8220;2px&#8220; button_border_radius=&#8220;25px&#8220; button_icon=&#8220;&#x50;||divi||400&#8243; button_icon_color=&#8220;gcid-ff69abd8-a994-471c-aec5-060b433d1d92&#8243; button_icon_placement=&#8220;left&#8220; button_on_hover=&#8220;off&#8220; custom_margin=&#8220;0px||0px||true|false&#8220; custom_padding=&#8220;5px||5px||true|true&#8220; global_colors_info=&#8220;{%22gcid-ff69abd8-a994-471c-aec5-060b433d1d92%22:%91%22button_text_color%22,%22button_icon_color%22%93}&#8220;][\/et_pb_button][\/et_pb_column][\/et_pb_row][et_pb_row admin_label=&#8220;Moje spole\u010dnosti&#8220; _builder_version=&#8220;4.27.4&#8243; _module_preset=&#8220;default&#8220; background_color=&#8220;#FFFFFF&#8220; width_tablet=&#8220;&#8220; width_phone=&#8220;90%&#8220; width_last_edited=&#8220;on|phone&#8220; custom_padding=&#8220;|20px||20px|false|true&#8220; border_radii=&#8220;off|||20px|20px&#8220; border_width_right=&#8220;1px&#8220; border_color_right=&#8220;gcid-c67e4c14-9f9a-4541-bcfb-a3dbe227e267&#8243; border_width_bottom=&#8220;1px&#8220; border_color_bottom=&#8220;gcid-c67e4c14-9f9a-4541-bcfb-a3dbe227e267&#8243; border_width_left=&#8220;1px&#8220; border_color_left=&#8220;gcid-c67e4c14-9f9a-4541-bcfb-a3dbe227e267&#8243; global_colors_info=&#8220;{%22gcid-c67e4c14-9f9a-4541-bcfb-a3dbe227e267%22:%91%22border_color_left%22,%22border_color_bottom%22,%22border_color_right%22%93}&#8220;][et_pb_column type=&#8220;4_4&#8243; _builder_version=&#8220;4.27.4&#8243; _module_preset=&#8220;default&#8220; global_colors_info=&#8220;{}&#8220;][et_pb_de_mach_archive_loop post_type_choose=&#8220;company&#8220; loop_layout=&#8220;1794&#8243; no_posts_layout_text=&#8220;Zat\u00edm nem\u00e1te vytvo\u0159enou \u017e\u00e1dnou spole\u010dnost.&#8220; post_display_type=&#8220;users_posts&#8220; sort_order=&#8220;acf_field&#8220; acf_sort_field=&#8220;field_67be2270c7d12&#8243; equal_height=&#8220;on&#8220; columns=&#8220;3&#8243; button_alignment=&#8220;center&#8220; _builder_version=&#8220;4.27.4&#8243; _module_preset=&#8220;default&#8220; global_colors_info=&#8220;{}&#8220;][\/et_pb_de_mach_archive_loop][\/et_pb_column][\/et_pb_row][\/et_pb_section]<\/p>\n","protected":false},"excerpt":{"rendered":"<p>Moje spole\u010dnostiP\u0159ehled v\u0161ech va\u0161ich spole\u010dnost\u00ed.<\/p>","protected":false},"author":1,"featured_media":0,"parent":0,"menu_order":0,"comment_status":"closed","ping_status":"closed","template":"","meta":{"_acf_changed":false,"_et_pb_use_builder":"on","_et_pb_old_content":"","_et_gb_content_width":"","_monsterinsights_skip_tracking":false,"_monsterinsights_sitenote_active":false,"_monsterinsights_sitenote_note":"","_monsterinsights_sitenote_category":0,"footnotes":""},"class_list":["post-392","page","type-page","status-publish","hentry"],"acf":[],"jetpack_sharing_enabled":true,"_links":{"self":[{"href":"https:\/\/www.biznisa.com\/en\/wp-json\/wp\/v2\/pages\/392","targetHints":{"allow":["GET"]}}],"collection":[{"href":"https:\/\/www.biznisa.com\/en\/wp-json\/wp\/v2\/pages"}],"about":[{"href":"https:\/\/www.biznisa.com\/en\/wp-json\/wp\/v2\/types\/page"}],"author":[{"embeddable":true,"href":"https:\/\/www.biznisa.com\/en\/wp-json\/wp\/v2\/users\/1"}],"replies":[{"embeddable":true,"href":"https:\/\/www.biznisa.com\/en\/wp-json\/wp\/v2\/comments?post=392"}],"version-history":[{"count":22,"href":"https:\/\/www.biznisa.com\/en\/wp-json\/wp\/v2\/pages\/392\/revisions"}],"predecessor-version":[{"id":5908,"href":"https:\/\/www.biznisa.com\/en\/wp-json\/wp\/v2\/pages\/392\/revisions\/5908"}],"wp:attachment":[{"href":"https:\/\/www.biznisa.com\/en\/wp-json\/wp\/v2\/media?parent=392"}],"curies":[{"name":"wp","href":"https:\/\/api.w.org\/{rel}","templated":true}]}}