{"id":448,"date":"2025-03-06T22:02:46","date_gmt":"2025-03-06T22:02:46","guid":{"rendered":"https:\/\/www.biznisa.com\/?page_id=448"},"modified":"2025-07-19T14:54:07","modified_gmt":"2025-07-19T14:54:07","slug":"vysledek-srovnani","status":"publish","type":"page","link":"https:\/\/www.biznisa.com\/en\/vysledek-srovnani\/","title":{"rendered":"V\u00fdsledek srovn\u00e1n\u00ed"},"content":{"rendered":"<p>[et_pb_section fb_built=&#8220;1&#8243; _builder_version=&#8220;4.27.4&#8243; _module_preset=&#8220;default&#8220; background_color=&#8220;#FFFFFF&#8220; background_enable_pattern_style=&#8220;on&#8220; background_pattern_size=&#8220;custom&#8220; background_pattern_width=&#8220;16px&#8220; hover_enabled=&#8220;0&#8243; da_disable_devices=&#8220;off|off|off&#8220; global_colors_info=&#8220;{%22gcid-c67e4c14-9f9a-4541-bcfb-a3dbe227e267%22:%91%22background_pattern_color%22%93}&#8220; background_pattern_color=&#8220;gcid-c67e4c14-9f9a-4541-bcfb-a3dbe227e267&#8243; sticky_enabled=&#8220;0&#8243; da_is_popup=&#8220;off&#8220; da_exit_intent=&#8220;off&#8220; da_has_close=&#8220;on&#8220; da_alt_close=&#8220;off&#8220; da_dark_close=&#8220;off&#8220; da_not_modal=&#8220;on&#8220; da_is_singular=&#8220;off&#8220; da_with_loader=&#8220;off&#8220; da_has_shadow=&#8220;on&#8220;][et_pb_row _builder_version=&#8220;4.27.4&#8243; _module_preset=&#8220;default&#8220; global_colors_info=&#8220;{}&#8220;][et_pb_column type=&#8220;4_4&#8243; _builder_version=&#8220;4.27.4&#8243; _module_preset=&#8220;default&#8220; global_colors_info=&#8220;{}&#8220;][et_pb_text _builder_version=&#8220;4.27.4&#8243; _module_preset=&#8220;default&#8220; header_text_color=&#8220;#000000&#8243; global_colors_info=&#8220;{}&#8220;]<\/p>\n<h1>Srovn\u00e1n\u00ed nab\u00eddek<\/h1>\n<p>[\/et_pb_text][et_pb_text _builder_version=&#8220;4.27.4&#8243; _module_preset=&#8220;default&#8220; text_text_color=&#8220;#000000&#8243; hover_enabled=&#8220;0&#8243; global_colors_info=&#8220;{%22gcid-c67e4c14-9f9a-4541-bcfb-a3dbe227e267%22:%91%22border_color_all%22%93}&#8220; sticky_enabled=&#8220;0&#8243; background_color=&#8220;#FFFFFF&#8220; border_radii=&#8220;on|20px|20px|20px|20px&#8220; border_width_all=&#8220;1px&#8220; border_color_all=&#8220;gcid-c67e4c14-9f9a-4541-bcfb-a3dbe227e267&#8243; custom_margin=&#8220;||||true|true&#8220; custom_padding=&#8220;20px|20px|20px|20px|true|true&#8220;]<\/p>\n<p>Pod\u00edvejte se, jak si stoj\u00ed va\u0161e nab\u00eddka v\u016f\u010di nab\u00eddk\u00e1m dal\u0161\u00edch poskytovatel\u016f. Na\u0161e kalkulace zahrnuje v\u0161echny n\u00e1klady.<\/p>\n<p>[\/et_pb_text][et_pb_de_mach_archive_loop post_type_choose=&#8220;payment-offer&#8220; loop_layout=&#8220;2275&#8243; no_posts_layout_text=&#8220;Omlouv\u00e1me se, nejsou tu \u017e\u00e1dn\u00e9 nab\u00eddky.&#8220; sort_order=&#8220;acf_field&#8220; acf_sort_field=&#8220;field_68169db12a63b&#8220; grid_layout=&#8220;masonry&#8220; columns=&#8220;3&#8243; disabled_on=&#8220;on|on|on&#8220; admin_label=&#8220;Archive Loop &#8211; Divi Machine&#8220; _builder_version=&#8220;4.27.4&#8243; _module_preset=&#8220;default&#8220; disabled=&#8220;on&#8220; global_colors_info=&#8220;{}&#8220;][\/et_pb_de_mach_archive_loop][\/et_pb_column][\/et_pb_row][et_pb_row _builder_version=&#8220;4.27.4&#8243; _module_preset=&#8220;default&#8220; global_colors_info=&#8220;{}&#8220;][et_pb_column type=&#8220;4_4&#8243; _builder_version=&#8220;4.27.4&#8243; _module_preset=&#8220;default&#8220; global_colors_info=&#8220;{}&#8220;][et_pb_de_mach_carousel post_type_choose=&#8220;payment-offer&#8220; loop_layout=&#8220;2275&#8243; no_posts_layout_text=&#8220;Nejsou tu \u017e\u00e1dn\u00e9 nab\u00eddky.&#8220; sort_order=&#8220;acf_field&#8220; acf_sort_field=&#8220;field_681691dfd9682&#8243; posts_number_desktop=&#8220;3&#8243; equal_height=&#8220;on&#8220; _builder_version=&#8220;4.27.4&#8243; _module_preset=&#8220;default&#8220; global_colors_info=&#8220;{}&#8220;][\/et_pb_de_mach_carousel][\/et_pb_column][\/et_pb_row][\/et_pb_section]<\/p>\n","protected":false},"excerpt":{"rendered":"<p>Srovn\u00e1n\u00ed nab\u00eddekPod\u00edvejte se, jak si stoj\u00ed va\u0161e nab\u00eddka v\u016f\u010di nab\u00eddk\u00e1m dal\u0161\u00edch poskytovatel\u016f. Na\u0161e kalkulace zahrnuje v\u0161echny n\u00e1klady.<\/p>","protected":false},"author":1,"featured_media":0,"parent":0,"menu_order":0,"comment_status":"closed","ping_status":"closed","template":"","meta":{"_acf_changed":false,"_et_pb_use_builder":"on","_et_pb_old_content":"","_et_gb_content_width":"","_monsterinsights_skip_tracking":false,"_monsterinsights_sitenote_active":false,"_monsterinsights_sitenote_note":"","_monsterinsights_sitenote_category":0,"footnotes":""},"class_list":["post-448","page","type-page","status-publish","hentry"],"acf":[],"jetpack_sharing_enabled":true,"_links":{"self":[{"href":"https:\/\/www.biznisa.com\/en\/wp-json\/wp\/v2\/pages\/448","targetHints":{"allow":["GET"]}}],"collection":[{"href":"https:\/\/www.biznisa.com\/en\/wp-json\/wp\/v2\/pages"}],"about":[{"href":"https:\/\/www.biznisa.com\/en\/wp-json\/wp\/v2\/types\/page"}],"author":[{"embeddable":true,"href":"https:\/\/www.biznisa.com\/en\/wp-json\/wp\/v2\/users\/1"}],"replies":[{"embeddable":true,"href":"https:\/\/www.biznisa.com\/en\/wp-json\/wp\/v2\/comments?post=448"}],"version-history":[{"count":29,"href":"https:\/\/www.biznisa.com\/en\/wp-json\/wp\/v2\/pages\/448\/revisions"}],"predecessor-version":[{"id":4074,"href":"https:\/\/www.biznisa.com\/en\/wp-json\/wp\/v2\/pages\/448\/revisions\/4074"}],"wp:attachment":[{"href":"https:\/\/www.biznisa.com\/en\/wp-json\/wp\/v2\/media?parent=448"}],"curies":[{"name":"wp","href":"https:\/\/api.w.org\/{rel}","templated":true}]}}