{"id":6832,"date":"2026-04-01T09:36:58","date_gmt":"2026-04-01T07:36:58","guid":{"rendered":"https:\/\/www.biznisa.com\/?page_id=6832"},"modified":"2026-04-10T23:45:58","modified_gmt":"2026-04-10T21:45:58","slug":"rychle-srovnani","status":"publish","type":"page","link":"https:\/\/www.biznisa.com\/en\/rychle-srovnani\/","title":{"rendered":"Rychl\u00e9 srovn\u00e1n\u00ed"},"content":{"rendered":"<p>[et_pb_section fb_built=&#8220;1&#8243; _builder_version=&#8220;4.27.6&#8243; _module_preset=&#8220;default&#8220; background_color=&#8220;gcid-4fa1f18a-1fbc-4c85-ad0e-1dad45b1fe09&#8243; min_height=&#8220;100vh&#8220; da_disable_devices=&#8220;off|off|off&#8220; global_colors_info=&#8220;{%22gcid-4fa1f18a-1fbc-4c85-ad0e-1dad45b1fe09%22:%91%22background_color%22%93}&#8220; da_is_popup=&#8220;off&#8220; da_exit_intent=&#8220;off&#8220; da_has_close=&#8220;on&#8220; da_alt_close=&#8220;off&#8220; da_dark_close=&#8220;off&#8220; da_not_modal=&#8220;on&#8220; da_is_singular=&#8220;off&#8220; da_with_loader=&#8220;off&#8220; da_has_shadow=&#8220;on&#8220;][et_pb_row _builder_version=&#8220;4.27.6&#8243; _module_preset=&#8220;default&#8220; background_color=&#8220;#FFFFFF&#8220; width=&#8220;550px&#8220; custom_padding=&#8220;30px|30px|30px|30px|true|true&#8220; hover_enabled=&#8220;0&#8243; border_radii=&#8220;on|20px|20px|20px|20px&#8220; box_shadow_style=&#8220;preset2&#8243; global_colors_info=&#8220;{}&#8220; width_last_edited=&#8220;on|phone&#8220; width_phone=&#8220;90%&#8220; sticky_enabled=&#8220;0&#8243; width_tablet=&#8220;550px&#8220;][et_pb_column type=&#8220;4_4&#8243; _builder_version=&#8220;4.27.4&#8243; _module_preset=&#8220;default&#8220; global_colors_info=&#8220;{}&#8220;][et_pb_text _builder_version=&#8220;4.27.6&#8243; _module_preset=&#8220;default&#8220; header_text_align=&#8220;center&#8220; global_colors_info=&#8220;{}&#8220;]<\/p>\n<h1>Rychl\u00e9 srovn\u00e1n\u00ed<\/h1>\n<p>[\/et_pb_text][et_pb_image src=&#8220;https:\/\/www.biznisa.com\/wp-content\/uploads\/2025\/09\/biznisa_sumup_terminal.png&#8220; title_text=&#8220;biznisa_sumup_terminal&#8220; align=&#8220;center&#8220; _builder_version=&#8220;4.27.6&#8243; _module_preset=&#8220;default&#8220; module_alignment=&#8220;center&#8220; max_height=&#8220;200px&#8220; hover_enabled=&#8220;0&#8243; global_colors_info=&#8220;{}&#8220; max_height_last_edited=&#8220;on|phone&#8220; max_height_phone=&#8220;150px&#8220; sticky_enabled=&#8220;0&#8243; max_height_tablet=&#8220;200px&#8220;][\/et_pb_image][et_pb_text _builder_version=&#8220;4.27.6&#8243; _module_preset=&#8220;default&#8220; text_font_size=&#8220;16px&#8220; hover_enabled=&#8220;0&#8243; global_colors_info=&#8220;{}&#8220; text_font_size_last_edited=&#8220;on|phone&#8220; text_font_size_phone=&#8220;14px&#8220; sticky_enabled=&#8220;0&#8243; text_font_size_tablet=&#8220;16px&#8220;]<\/p>\n<div class=\"et_pb_module et_pb_text et_pb_text_43  et_pb_text_align_left et_pb_bg_layout_light\">\n<div class=\"et_pb_text_inner\">\n<p>Chcete jednodu\u0161e p\u0159ij\u00edmat platby kartou a ne\u0159e\u0161\u00edte, jak\u00fd termin\u00e1l dostanete, jak\u00e9 bude m\u00edt parametry? Chcete ho pou\u017e\u00edvat nez\u00e1visle na va\u0161ich syst\u00e9mech a \u0159e\u0161en\u00ed? Super, poj\u010fme na to!<\/p>\n<\/div>\n<\/div>\n<div class=\"et_pb_module et_pb_text et_pb_text_44  et_pb_text_align_left et_pb_bg_layout_light\">\n<div class=\"et_pb_text_inner\">\n<p>Zadejte v\u00e1\u0161 odhadovan\u00fd m\u011bs\u00ed\u010dn\u00ed objem plateb p\u0159ij\u00edman\u00fdch skrze platebn\u00ed karty a po\u010det po\u017eadovan\u00fdch termin\u00e1l\u016f:<\/p>\n<\/div>\n<\/div>\n<p>[\/et_pb_text][et_pb_code _builder_version=&#8220;4.27.6&#8243; _module_preset=&#8220;default&#8220; max_width=&#8220;70%&#8220; global_colors_info=&#8220;{}&#8220;]<div class='fluentform ff-default fluentform_wrapper_44 ffs_custom_wrap'><form data-form_id=\"44\" id=\"fluentform_44\" class=\"frm-fluent-form fluent_form_44 ff-el-form-top ff_form_instance_44_1 ff-form-loading ffs_custom\" data-form_instance=\"ff_form_instance_44_1\" method=\"POST\" ><fieldset  style=\"border: none!important;margin: 0!important;padding: 0!important;background-color: transparent!important;box-shadow: none!important;outline: none!important; min-inline-size: 100%;\">\n                    <legend class=\"ff_screen_reader_title\" style=\"display: block; margin: 0!important;padding: 0!important;height: 0!important;text-indent: -999999px;width: 0!important;overflow:hidden;\">Rychl\u00e9 srovn\u00e1n\u00ed<\/legend><input type='hidden' name='__fluent_form_embded_post_id' value='6832' \/><input type=\"hidden\" id=\"_fluentform_44_fluentformnonce\" name=\"_fluentform_44_fluentformnonce\" value=\"5a476fe8ec\" \/><input type=\"hidden\" name=\"_wp_http_referer\" value=\"\/en\/wp-json\/wp\/v2\/pages\/6832\" \/><div class='ff-el-group'><div class=\"ff-el-input--label asterisk-right\"><label for='ff_44_volume' id='label_ff_44_volume' aria-label=\"V\u00e1\u0161 m\u011bs\u00ed\u010dn\u00ed obrat p\u0159es karty\">V\u00e1\u0161 m\u011bs\u00ed\u010dn\u00ed obrat p\u0159es karty<\/label><\/div><div class='ff-el-input--content'><div class=\"ff_input-group\"><input type=\"number\" name=\"volume\" id=\"ff_44_volume\" class=\"ff-el-form-control\" data-name=\"volume\" inputmode=\"numeric\" step=\"any\"  aria-invalid=\"false\" aria-required=false><div class=\"ff_input-group-append\"><span class=\"ff_input-group-text\">K\u010d<\/span><\/div><\/div><\/div><\/div><div class='ff-el-group'><div class=\"ff-el-input--label asterisk-right\"><label for='ff_44_terminals' id='label_ff_44_terminals' aria-label=\"Po\u010det termin\u00e1l\u016f\">Po\u010det termin\u00e1l\u016f<\/label><\/div><div class='ff-el-input--content'><div class=\"ff_input-group\"><input type=\"number\" name=\"terminals\" id=\"ff_44_terminals\" class=\"ff-el-form-control\" data-name=\"terminals\" inputmode=\"numeric\" step=\"any\"  aria-invalid=\"false\" aria-required=false><div class=\"ff_input-group-append\"><span class=\"ff_input-group-text\">ks<\/span><\/div><\/div><\/div><\/div><div class='ff-el-group ff-text-left ff_submit_btn_wrapper'><button type=\"submit\" class=\"ff-btn ff-btn-submit ff-btn-md ff_btn_style\"  aria-label=\"Zobrazit nab\u00eddky\">Zobrazit nab\u00eddky<\/button><\/div><\/fieldset><\/form><div id='fluentform_44_errors' class='ff-errors-in-stack ff_form_instance_44_1 ff-form-loading_errors ff_form_instance_44_1_errors'><\/div><\/div>            <script type=\"text\/javascript\">\n                window.fluent_form_ff_form_instance_44_1 = {\"id\":\"44\",\"settings\":{\"layout\":{\"labelPlacement\":\"top\",\"asteriskPlacement\":\"asterisk-right\",\"helpMessagePlacement\":\"with_label\",\"errorMessagePlacement\":\"inline\",\"cssClassName\":\"\"},\"restrictions\":{\"denyEmptySubmission\":{\"enabled\":false}}},\"form_instance\":\"ff_form_instance_44_1\",\"form_id_selector\":\"fluentform_44\",\"rules\":{\"volume\":{\"required\":{\"value\":false,\"message\":\"This field is required\",\"global_message\":\"This field is required\",\"global\":true},\"numeric\":{\"value\":true,\"message\":\"This field must contain numeric value\",\"global_message\":\"This field must contain numeric value\",\"global\":true},\"min\":{\"value\":\"\",\"message\":\"Validation fails for minimum value\",\"global_message\":\"Validation fails for minimum value\",\"global\":true},\"max\":{\"value\":\"\",\"message\":\"Validation fails for maximum value\",\"global_message\":\"Validation fails for maximum value\",\"global\":true},\"digits\":{\"value\":\"\",\"message\":\"Validation fails for limited digits\",\"global_message\":\"Validation fails for limited digits\",\"global\":true}},\"terminals\":{\"required\":{\"value\":false,\"message\":\"This field is required\",\"global_message\":\"This field is required\",\"global\":true},\"numeric\":{\"value\":true,\"message\":\"This field must contain numeric value\",\"global_message\":\"This field must contain numeric value\",\"global\":true},\"min\":{\"value\":\"\",\"message\":\"Validation fails for minimum value\",\"global_message\":\"Validation fails for minimum value\",\"global\":true},\"max\":{\"value\":\"\",\"message\":\"Validation fails for maximum value\",\"global_message\":\"Validation fails for maximum value\",\"global\":true},\"digits\":{\"value\":\"\",\"message\":\"Validation fails for limited digits\",\"global_message\":\"Validation fails for limited digits\",\"global\":true}}},\"debounce_time\":300};\n                            <\/script>\n            [\/et_pb_code][\/et_pb_column][\/et_pb_row][\/et_pb_section]<\/p>\n","protected":false},"excerpt":{"rendered":"<p>Rychl\u00e9 srovn\u00e1n\u00ed Chcete jednodu\u0161e p\u0159ij\u00edmat platby kartou a ne\u0159e\u0161\u00edte, jak\u00fd termin\u00e1l dostanete, jak\u00e9 bude m\u00edt parametry? Chcete ho pou\u017e\u00edvat nez\u00e1visle na va\u0161ich syst\u00e9mech a \u0159e\u0161en\u00ed? Super, poj\u010fme na to! Zadejte v\u00e1\u0161 odhadovan\u00fd m\u011bs\u00ed\u010dn\u00ed objem plateb p\u0159ij\u00edman\u00fdch skrze platebn\u00ed karty a po\u010det po\u017eadovan\u00fdch termin\u00e1l\u016f: <div class='fluentform ff-default fluentform_wrapper_44 ffs_custom_wrap'><form data-form_id=\"44\" id=\"fluentform_44\" class=\"frm-fluent-form fluent_form_44 ff-el-form-top ff_form_instance_44_2 ff-form-loading ffs_custom\" data-form_instance=\"ff_form_instance_44_2\" method=\"POST\" action=\"\" ><fieldset  style=\"border: none!important;margin: 0!important;padding: 0!important;background-color: transparent!important;box-shadow: none!important;outline: none!important; min-inline-size: 100%;\">\n                    <legend class=\"ff_screen_reader_title\" style=\"display: block; margin: 0!important;padding: 0!important;height: 0!important;text-indent: -999999px;width: 0!important;overflow:hidden;\">Rychl\u00e9 srovn\u00e1n\u00ed<\/legend><input type='hidden' name='__fluent_form_embded_post_id' value='6832' \/><input type=\"hidden\" id=\"_fluentform_44_fluentformnonce\" name=\"_fluentform_44_fluentformnonce\" value=\"5a476fe8ec\" \/><input type=\"hidden\" name=\"_wp_http_referer\" value=\"\/en\/wp-json\/wp\/v2\/pages\/6832\" \/><div class='ff-el-group'><div class=\"ff-el-input--label asterisk-right\"><label for='ff_44_2_volume' id='label_ff_44_2_volume' aria-label=\"V\u00e1\u0161 m\u011bs\u00ed\u010dn\u00ed obrat p\u0159es karty\">V\u00e1\u0161 m\u011bs\u00ed\u010dn\u00ed obrat p\u0159es karty<\/label><\/div><div class='ff-el-input--content'><div class=\"ff_input-group\"><input type=\"number\" name=\"volume\" id=\"ff_44_2_volume\" class=\"ff-el-form-control\" data-name=\"volume\" inputmode=\"numeric\" step=\"any\"  aria-invalid=\"false\" aria-required=\"false\"><div class=\"ff_input-group-append\"><span class=\"ff_input-group-text\">CZK<\/span><\/div><\/div><\/div><\/div><div class='ff-el-group'><div class=\"ff-el-input--label asterisk-right\"><label for='ff_44_2_terminals' id='label_ff_44_2_terminals' aria-label=\"Po\u010det termin\u00e1l\u016f\">Po\u010det termin\u00e1l\u016f<\/label><\/div><div class='ff-el-input--content'><div class=\"ff_input-group\"><input type=\"number\" name=\"terminals\" id=\"ff_44_2_terminals\" class=\"ff-el-form-control\" data-name=\"terminals\" inputmode=\"numeric\" step=\"any\"  aria-invalid=\"false\" aria-required=\"false\"><div class=\"ff_input-group-append\"><span class=\"ff_input-group-text\">ks<\/span><\/div><\/div><\/div><\/div><div class='ff-el-group ff-text-left ff_submit_btn_wrapper'><button type=\"submit\" class=\"ff-btn ff-btn-submit ff-btn-md ff_btn_style\"  aria-label=\"Zobrazit nab\u00eddky\">Zobrazit nab\u00eddky<\/button><\/div><\/fieldset><input type=\"hidden\" name=\"trp-form-language\" value=\"en\"\/><\/form><div id='fluentform_44_errors' class='ff-errors-in-stack ff_form_instance_44_2 ff-form-loading_errors ff_form_instance_44_2_errors'><\/div><\/div>            <script type=\"text\/javascript\">\n                window.fluent_form_ff_form_instance_44_2 = {\"id\":\"44\",\"settings\":{\"layout\":{\"labelPlacement\":\"top\",\"asteriskPlacement\":\"asterisk-right\",\"helpMessagePlacement\":\"with_label\",\"errorMessagePlacement\":\"inline\",\"cssClassName\":\"\"},\"restrictions\":{\"denyEmptySubmission\":{\"enabled\":false}}},\"form_instance\":\"ff_form_instance_44_2\",\"form_id_selector\":\"fluentform_44\",\"rules\":{\"volume\":{\"required\":{\"value\":false,\"message\":\"This field is required\",\"global_message\":\"This field is required\",\"global\":true},\"numeric\":{\"value\":true,\"message\":\"This field must contain numeric value\",\"global_message\":\"This field must contain numeric value\",\"global\":true},\"min\":{\"value\":\"\",\"message\":\"Validation fails for minimum value\",\"global_message\":\"Validation fails for minimum value\",\"global\":true},\"max\":{\"value\":\"\",\"message\":\"Validation fails for maximum value\",\"global_message\":\"Validation fails for maximum value\",\"global\":true},\"digits\":{\"value\":\"\",\"message\":\"Validation fails for limited digits\",\"global_message\":\"Validation fails for limited digits\",\"global\":true}},\"terminals\":{\"required\":{\"value\":false,\"message\":\"This field is required\",\"global_message\":\"This field is required\",\"global\":true},\"numeric\":{\"value\":true,\"message\":\"This field must contain numeric value\",\"global_message\":\"This field must contain numeric value\",\"global\":true},\"min\":{\"value\":\"\",\"message\":\"Validation fails for minimum value\",\"global_message\":\"Validation fails for minimum value\",\"global\":true},\"max\":{\"value\":\"\",\"message\":\"Validation fails for maximum value\",\"global_message\":\"Validation fails for maximum value\",\"global\":true},\"digits\":{\"value\":\"\",\"message\":\"Validation fails for limited digits\",\"global_message\":\"Validation fails for limited digits\",\"global\":true}}},\"debounce_time\":300};\n                            <\/script>\n            <\/p>","protected":false},"author":1,"featured_media":0,"parent":0,"menu_order":0,"comment_status":"closed","ping_status":"closed","template":"","meta":{"_acf_changed":false,"_et_pb_use_builder":"on","_et_pb_old_content":"","_et_gb_content_width":"","_monsterinsights_skip_tracking":false,"_monsterinsights_sitenote_active":false,"_monsterinsights_sitenote_note":"","_monsterinsights_sitenote_category":0,"footnotes":""},"class_list":["post-6832","page","type-page","status-publish","hentry"],"acf":[],"jetpack_sharing_enabled":true,"_links":{"self":[{"href":"https:\/\/www.biznisa.com\/en\/wp-json\/wp\/v2\/pages\/6832","targetHints":{"allow":["GET"]}}],"collection":[{"href":"https:\/\/www.biznisa.com\/en\/wp-json\/wp\/v2\/pages"}],"about":[{"href":"https:\/\/www.biznisa.com\/en\/wp-json\/wp\/v2\/types\/page"}],"author":[{"embeddable":true,"href":"https:\/\/www.biznisa.com\/en\/wp-json\/wp\/v2\/users\/1"}],"replies":[{"embeddable":true,"href":"https:\/\/www.biznisa.com\/en\/wp-json\/wp\/v2\/comments?post=6832"}],"version-history":[{"count":6,"href":"https:\/\/www.biznisa.com\/en\/wp-json\/wp\/v2\/pages\/6832\/revisions"}],"predecessor-version":[{"id":6903,"href":"https:\/\/www.biznisa.com\/en\/wp-json\/wp\/v2\/pages\/6832\/revisions\/6903"}],"wp:attachment":[{"href":"https:\/\/www.biznisa.com\/en\/wp-json\/wp\/v2\/media?parent=6832"}],"curies":[{"name":"wp","href":"https:\/\/api.w.org\/{rel}","templated":true}]}}