{"id":762,"date":"2025-04-21T22:24:55","date_gmt":"2025-04-21T22:24:55","guid":{"rendered":"https:\/\/www.biznisa.com\/?page_id=762"},"modified":"2025-04-21T22:29:04","modified_gmt":"2025-04-21T22:29:04","slug":"pridat-terminal","status":"publish","type":"page","link":"https:\/\/www.biznisa.com\/en\/pridat-terminal\/","title":{"rendered":"Add terminal"},"content":{"rendered":"<p>[et_pb_section fb_built=&#8220;1&#8243; _builder_version=&#8220;4.27.4&#8243; _module_preset=&#8220;default&#8220; background_color=&#8220;gcid-8020c5c5-3063-43d3-92c5-9fcdd948cb76&#8243; global_colors_info=&#8220;{%22gcid-8020c5c5-3063-43d3-92c5-9fcdd948cb76%22:%91%22background_color%22%93}&#8220;][et_pb_row _builder_version=&#8220;4.27.4&#8243; _module_preset=&#8220;default&#8220; global_colors_info=&#8220;{}&#8220;][et_pb_column type=&#8220;4_4&#8243; _builder_version=&#8220;4.27.4&#8243; _module_preset=&#8220;default&#8220; global_colors_info=&#8220;{}&#8220;][et_pb_text _builder_version=&#8220;4.27.4&#8243; _module_preset=&#8220;default&#8220; header_font=&#8220;|700|||||||&#8220; header_text_color=&#8220;#FFFFFF&#8220; global_colors_info=&#8220;{}&#8220;]<\/p>\n<h1>P\u0159idat nov\u00fd typ termin\u00e1lu<\/h1>\n<p>[\/et_pb_text][\/et_pb_column][\/et_pb_row][et_pb_row _builder_version=&#8220;4.27.4&#8243; _module_preset=&#8220;default&#8220; width=&#8220;60%&#8220; global_colors_info=&#8220;{}&#8220;][et_pb_column type=&#8220;4_4&#8243; _builder_version=&#8220;4.27.4&#8243; _module_preset=&#8220;default&#8220; global_colors_info=&#8220;{}&#8220;][et_pb_code _builder_version=&#8220;4.27.4&#8243; _module_preset=&#8220;default&#8220; hover_enabled=&#8220;0&#8243; global_colors_info=&#8220;{}&#8220; sticky_enabled=&#8220;0&#8243;]<div class='fluentform ff-default fluentform_wrapper_12 ffs_default_wrap'><form data-form_id=\"12\" id=\"fluentform_12\" class=\"frm-fluent-form fluent_form_12 ff-el-form-top ff_form_instance_12_1 ff-form-loading ffs_default\" data-form_instance=\"ff_form_instance_12_1\" method=\"POST\" ><fieldset  style=\"border: none!important;margin: 0!important;padding: 0!important;background-color: transparent!important;box-shadow: none!important;outline: none!important; min-inline-size: 100%;\">\n                    <legend class=\"ff_screen_reader_title\" style=\"display: block; margin: 0!important;padding: 0!important;height: 0!important;text-indent: -999999px;width: 0!important;overflow:hidden;\">P\u0159idat nov\u00fd termin\u00e1l<\/legend><input type='hidden' name='__fluent_form_embded_post_id' value='762' \/><input type=\"hidden\" id=\"_fluentform_12_fluentformnonce\" name=\"_fluentform_12_fluentformnonce\" value=\"742b5e0fbb\" \/><input type=\"hidden\" name=\"_wp_http_referer\" value=\"\/en\/wp-json\/wp\/v2\/pages\/762\" \/><div class='ff-el-group'><div class=\"ff-el-input--label asterisk-right\"><label for='ff_12_post_title' id='label_ff_12_post_title' aria-label=\"N\u00e1zev termin\u00e1lu\">N\u00e1zev termin\u00e1lu<\/label><\/div><div class='ff-el-input--content'><input name=\"post_title\" class=\"ff-el-form-control\" type=\"text\" data-name=\"post_title\" id=\"ff_12_post_title\" ><\/div><\/div><div class='ff-el-group'><div class=\"ff-el-input--label ff-el-is-required asterisk-right\"><label for='ff_12_cpt_selection' id='label_ff_12_cpt_selection' aria-label=\"V\u00fdrobce\">V\u00fdrobce<\/label><\/div><div class='ff-el-input--content'><select name=\"cpt_selection\" id=\"ff_12_cpt_selection\" class=\"ff-el-form-control\" data-name=\"cpt_selection\" data-calc_value=\"0\"  aria-invalid=\"false\" aria-required=\"true\" aria-labelledby=\"label_ff_12_cpt_selection\"><option value=\"\">- vyberte -<\/option><option value=\"4688\"  >Apple<\/option><option value=\"4512\"  >myPOS<\/option><option value=\"3529\"  >Sumup<\/option><option value=\"1316\"  >Worldline<\/option><option value=\"1212\"  >Castles Technology<\/option><option value=\"1210\"  >Verifone<\/option><option value=\"1208\"  >Sunmi<\/option><option value=\"1206\"  >Ingenico<\/option><option value=\"1090\"  >V\u00fdrobce telefonu<\/option><option value=\"770\"  >Nexgo<\/option><option value=\"759\"  >PAX<\/option><\/select><\/div><\/div><div class='ff-el-group ff-text-left ff_submit_btn_wrapper'><button type=\"submit\" class=\"ff-btn ff-btn-submit ff-btn-md ff_btn_style\"  aria-label=\"Submit Form\">Submit Form<\/button><\/div><\/fieldset><\/form><div id='fluentform_12_errors' class='ff-errors-in-stack ff_form_instance_12_1 ff-form-loading_errors ff_form_instance_12_1_errors'><\/div><\/div>            <script type=\"text\/javascript\">\n                window.fluent_form_ff_form_instance_12_1 = {\"id\":\"12\",\"settings\":{\"layout\":{\"labelPlacement\":\"top\",\"asteriskPlacement\":\"asterisk-right\",\"helpMessagePlacement\":\"with_label\",\"errorMessagePlacement\":\"inline\",\"cssClassName\":\"\"},\"restrictions\":{\"denyEmptySubmission\":{\"enabled\":false}}},\"form_instance\":\"ff_form_instance_12_1\",\"form_id_selector\":\"fluentform_12\",\"rules\":{\"post_title\":{\"required\":{\"value\":false,\"global\":true,\"message\":\"This field is required\",\"global_message\":\"This field is required\"}},\"cpt_selection\":{\"required\":{\"value\":true,\"global\":true,\"message\":\"This field is required\",\"global_message\":\"This field is required\"}}},\"debounce_time\":300};\n                            <\/script>\n            [\/et_pb_code][\/et_pb_column][\/et_pb_row][et_pb_row _builder_version=&#8220;4.27.4&#8243; _module_preset=&#8220;default&#8220; global_colors_info=&#8220;{}&#8220;][et_pb_column type=&#8220;4_4&#8243; _builder_version=&#8220;4.27.4&#8243; _module_preset=&#8220;default&#8220; global_colors_info=&#8220;{}&#8220;][et_pb_button button_url=&#8220;@ET-DC@eyJkeW5hbWljIjp0cnVlLCJjb250ZW50IjoicG9zdF9saW5rX3VybF9wYWdlIiwic2V0dGluZ3MiOnsicG9zdF9pZCI6IjM2NiJ9fQ==@&#8220; button_text=&#8220;zp\u011bt&#8220; button_alignment=&#8220;left&#8220; _builder_version=&#8220;4.27.4&#8243; _dynamic_attributes=&#8220;button_url&#8220; _module_preset=&#8220;default&#8220; custom_button=&#8220;on&#8220; button_text_size=&#8220;14px&#8220; button_text_color=&#8220;#FFFFFF&#8220; button_border_width=&#8220;1px&#8220; button_border_radius=&#8220;20px&#8220; button_letter_spacing=&#8220;1px&#8220; button_font=&#8220;Poppins||||||||&#8220; button_icon=&#8220;&#x34;||divi||400&#8243; button_icon_placement=&#8220;left&#8220; global_colors_info=&#8220;{}&#8220;][\/et_pb_button][\/et_pb_column][\/et_pb_row][\/et_pb_section]<\/p>\n","protected":false},"excerpt":{"rendered":"<p>P\u0159idat nov\u00fd typ termin\u00e1lu<div class='fluentform ff-default fluentform_wrapper_12 ffs_default_wrap'><form data-form_id=\"12\" id=\"fluentform_12\" class=\"frm-fluent-form fluent_form_12 ff-el-form-top ff_form_instance_12_2 ff-form-loading ffs_default\" data-form_instance=\"ff_form_instance_12_2\" method=\"POST\" action=\"\" ><fieldset  style=\"border: none!important;margin: 0!important;padding: 0!important;background-color: transparent!important;box-shadow: none!important;outline: none!important; min-inline-size: 100%;\">\n                    <legend class=\"ff_screen_reader_title\" style=\"display: block; margin: 0!important;padding: 0!important;height: 0!important;text-indent: -999999px;width: 0!important;overflow:hidden;\">P\u0159idat nov\u00fd termin\u00e1l<\/legend><input type='hidden' name='__fluent_form_embded_post_id' value='762' \/><input type=\"hidden\" id=\"_fluentform_12_fluentformnonce\" name=\"_fluentform_12_fluentformnonce\" value=\"742b5e0fbb\" \/><input type=\"hidden\" name=\"_wp_http_referer\" value=\"\/en\/wp-json\/wp\/v2\/pages\/762\" \/><div class='ff-el-group'><div class=\"ff-el-input--label asterisk-right\"><label for='ff_12_2_post_title' id='label_ff_12_2_post_title' aria-label=\"N\u00e1zev termin\u00e1lu\">N\u00e1zev termin\u00e1lu<\/label><\/div><div class='ff-el-input--content'><input name=\"post_title\" class=\"ff-el-form-control\" type=\"text\" data-name=\"post_title\" id=\"ff_12_2_post_title\" ><\/div><\/div><div class='ff-el-group'><div class=\"ff-el-input--label ff-el-is-required asterisk-right\"><label for='ff_12_2_cpt_selection' id='label_ff_12_2_cpt_selection' aria-label=\"Manufacturer\">Manufacturer<\/label><\/div><div class='ff-el-input--content'><select name=\"cpt_selection\" id=\"ff_12_2_cpt_selection\" class=\"ff-el-form-control\" data-name=\"cpt_selection\" data-calc_value=\"0\"  aria-invalid=\"false\" aria-required=\"true\" aria-labelledby=\"label_ff_12_2_cpt_selection\"><option value=\"\">- vyberte -<\/option><option value=\"4688\"  >Apple<\/option><option value=\"4512\"  >myPOS<\/option><option value=\"3529\"  >Sumup<\/option><option value=\"1316\"  >Worldline<\/option><option value=\"1212\"  >Castles Technology<\/option><option value=\"1210\"  >Verifone<\/option><option value=\"1208\"  >Sunmi<\/option><option value=\"1206\"  >Ingenico<\/option><option value=\"1090\"  >Phone manufacturer<\/option><option value=\"770\"  >Nexgo<\/option><option value=\"759\"  >PAX<\/option><\/select><\/div><\/div><div class='ff-el-group ff-text-left ff_submit_btn_wrapper'><button type=\"submit\" class=\"ff-btn ff-btn-submit ff-btn-md ff_btn_style\"  aria-label=\"Submit Form\">Submit Form<\/button><\/div><\/fieldset><input type=\"hidden\" name=\"trp-form-language\" value=\"en\"\/><\/form><div id='fluentform_12_errors' class='ff-errors-in-stack ff_form_instance_12_2 ff-form-loading_errors ff_form_instance_12_2_errors'><\/div><\/div>            <script type=\"text\/javascript\">\n                window.fluent_form_ff_form_instance_12_2 = {\"id\":\"12\",\"settings\":{\"layout\":{\"labelPlacement\":\"top\",\"asteriskPlacement\":\"asterisk-right\",\"helpMessagePlacement\":\"with_label\",\"errorMessagePlacement\":\"inline\",\"cssClassName\":\"\"},\"restrictions\":{\"denyEmptySubmission\":{\"enabled\":false}}},\"form_instance\":\"ff_form_instance_12_2\",\"form_id_selector\":\"fluentform_12\",\"rules\":{\"post_title\":{\"required\":{\"value\":false,\"global\":true,\"message\":\"This field is required\",\"global_message\":\"This field is required\"}},\"cpt_selection\":{\"required\":{\"value\":true,\"global\":true,\"message\":\"This field is required\",\"global_message\":\"This field is required\"}}},\"debounce_time\":300};\n                            <\/script>\n            <\/p>","protected":false},"author":1,"featured_media":0,"parent":0,"menu_order":0,"comment_status":"closed","ping_status":"closed","template":"","meta":{"_acf_changed":false,"_et_pb_use_builder":"on","_et_pb_old_content":"","_et_gb_content_width":"","_monsterinsights_skip_tracking":false,"_monsterinsights_sitenote_active":false,"_monsterinsights_sitenote_note":"","_monsterinsights_sitenote_category":0,"footnotes":""},"class_list":["post-762","page","type-page","status-publish","hentry"],"acf":[],"jetpack_sharing_enabled":true,"_links":{"self":[{"href":"https:\/\/www.biznisa.com\/en\/wp-json\/wp\/v2\/pages\/762","targetHints":{"allow":["GET"]}}],"collection":[{"href":"https:\/\/www.biznisa.com\/en\/wp-json\/wp\/v2\/pages"}],"about":[{"href":"https:\/\/www.biznisa.com\/en\/wp-json\/wp\/v2\/types\/page"}],"author":[{"embeddable":true,"href":"https:\/\/www.biznisa.com\/en\/wp-json\/wp\/v2\/users\/1"}],"replies":[{"embeddable":true,"href":"https:\/\/www.biznisa.com\/en\/wp-json\/wp\/v2\/comments?post=762"}],"version-history":[{"count":3,"href":"https:\/\/www.biznisa.com\/en\/wp-json\/wp\/v2\/pages\/762\/revisions"}],"predecessor-version":[{"id":769,"href":"https:\/\/www.biznisa.com\/en\/wp-json\/wp\/v2\/pages\/762\/revisions\/769"}],"wp:attachment":[{"href":"https:\/\/www.biznisa.com\/en\/wp-json\/wp\/v2\/media?parent=762"}],"curies":[{"name":"wp","href":"https:\/\/api.w.org\/{rel}","templated":true}]}}