{"id":798,"date":"2025-04-21T23:02:45","date_gmt":"2025-04-21T23:02:45","guid":{"rendered":"https:\/\/www.biznisa.com\/?page_id=798"},"modified":"2025-10-10T19:40:33","modified_gmt":"2025-10-10T17:40:33","slug":"terminaly","status":"publish","type":"page","link":"https:\/\/www.biznisa.com\/en\/terminaly\/","title":{"rendered":"Termin\u00e1ly"},"content":{"rendered":"<p>[et_pb_section fb_built=&#8220;1&#8243; _builder_version=&#8220;4.27.4&#8243; _module_preset=&#8220;default&#8220; background_color=&#8220;gcid-1ceede91-71be-464b-930c-ee204c722893&#8243; custom_padding=&#8220;10px||5px||false|false&#8220; da_disable_devices=&#8220;off|off|off&#8220; global_colors_info=&#8220;{%22gcid-1ceede91-71be-464b-930c-ee204c722893%22:%91%22background_color%22%93}&#8220; da_is_popup=&#8220;off&#8220; da_exit_intent=&#8220;off&#8220; da_has_close=&#8220;on&#8220; da_alt_close=&#8220;off&#8220; da_dark_close=&#8220;off&#8220; da_not_modal=&#8220;on&#8220; da_is_singular=&#8220;off&#8220; da_with_loader=&#8220;off&#8220; da_has_shadow=&#8220;on&#8220;][et_pb_row column_structure=&#8220;1_5,1_5,1_5,1_5,1_5&#8243; use_custom_gutter=&#8220;on&#8220; gutter_width=&#8220;2&#8243; make_equal=&#8220;on&#8220; disabled_on=&#8220;on|on|on&#8220; admin_label=&#8220;Navigace&#8220; _builder_version=&#8220;4.27.4&#8243; _module_preset=&#8220;default&#8220; background_color=&#8220;#FFFFFF&#8220; module_alignment=&#8220;center&#8220; custom_margin=&#8220;10px||30px||false|false&#8220; custom_padding=&#8220;30px||30px||true|false&#8220; border_radii=&#8220;on|20px|20px|20px|20px&#8220; border_width_all=&#8220;1px&#8220; border_color_all=&#8220;gcid-c67e4c14-9f9a-4541-bcfb-a3dbe227e267&#8243; border_width_bottom=&#8220;1px&#8220; border_color_bottom=&#8220;gcid-c67e4c14-9f9a-4541-bcfb-a3dbe227e267&#8243; disabled=&#8220;on&#8220; global_colors_info=&#8220;{%22gcid-c67e4c14-9f9a-4541-bcfb-a3dbe227e267%22:%91%22border_color_all%22,%22border_color_top%22,%22border_color_right%22,%22border_color_bottom%22%93}&#8220;][et_pb_column type=&#8220;1_5&#8243; _builder_version=&#8220;4.27.4&#8243; _module_preset=&#8220;default&#8220; border_width_right=&#8220;1px&#8220; border_color_right=&#8220;gcid-c67e4c14-9f9a-4541-bcfb-a3dbe227e267&#8243; global_colors_info=&#8220;{%22gcid-c67e4c14-9f9a-4541-bcfb-a3dbe227e267%22:%91%22border_color_right%22%93}&#8220;][et_pb_text _builder_version=&#8220;4.27.4&#8243; _module_preset=&#8220;default&#8220; text_text_color=&#8220;#000000&#8243; text_orientation=&#8220;right&#8220; custom_margin=&#8220;10px|20px|||false|false&#8220; global_colors_info=&#8220;{}&#8220;]<\/p>\n<p>Typy termin\u00e1l\u016f dostupn\u00e9 na trhu:<\/p>\n<p>[\/et_pb_text][\/et_pb_column][et_pb_column type=&#8220;1_5&#8243; _builder_version=&#8220;4.27.4&#8243; _module_preset=&#8220;default&#8220; border_width_right=&#8220;1px&#8220; border_color_right=&#8220;gcid-c67e4c14-9f9a-4541-bcfb-a3dbe227e267&#8243; global_colors_info=&#8220;{%22gcid-c67e4c14-9f9a-4541-bcfb-a3dbe227e267%22:%91%22border_color_right%22%93}&#8220;][et_pb_blurb title=&#8220;Platebn\u00ed termin\u00e1ly&#8220; use_icon=&#8220;on&#8220; font_icon=&#8220;&#xf3cd;||fa||900&#8243; icon_color=&#8220;gcid-40afeb94-f3a1-4b01-a695-ff82654e75f2&#8243; icon_placement=&#8220;left&#8220; image_icon_width=&#8220;48px&#8220; _builder_version=&#8220;4.27.4&#8243; _module_preset=&#8220;default&#8220; header_level=&#8220;h6&#8243; header_font=&#8220;&#8211;et_global_heading_font|300|||||||&#8220; header_font_size=&#8220;14px&#8220; image_icon_custom_margin=&#8220;-10px||||false|false&#8220; custom_margin=&#8220;|20px||20px|false|true&#8220; custom_padding=&#8220;20px||||false|false&#8220; global_colors_info=&#8220;{%22gcid-40afeb94-f3a1-4b01-a695-ff82654e75f2%22:%91%22icon_color%22%93}&#8220;][\/et_pb_blurb][\/et_pb_column][et_pb_column type=&#8220;1_5&#8243; _builder_version=&#8220;4.27.4&#8243; _module_preset=&#8220;default&#8220; custom_padding=&#8220;||||false|false&#8220; border_width_right=&#8220;1px&#8220; border_color_right=&#8220;gcid-c67e4c14-9f9a-4541-bcfb-a3dbe227e267&#8243; global_colors_info=&#8220;{%22gcid-c67e4c14-9f9a-4541-bcfb-a3dbe227e267%22:%91%22border_color_right%22%93}&#8220;][et_pb_blurb title=&#8220;Integrovan\u00e9 termin\u00e1ly&#8220; use_icon=&#8220;on&#8220; font_icon=&#8220;&#xe02c;||divi||400&#8243; icon_color=&#8220;gcid-40afeb94-f3a1-4b01-a695-ff82654e75f2&#8243; icon_placement=&#8220;left&#8220; image_icon_width=&#8220;48px&#8220; content_max_width=&#8220;557px&#8220; _builder_version=&#8220;4.27.4&#8243; _module_preset=&#8220;default&#8220; header_level=&#8220;h6&#8243; header_font=&#8220;&#8211;et_global_heading_font|300|||||||&#8220; header_font_size=&#8220;14px&#8220; body_text_align=&#8220;left&#8220; image_icon_custom_margin=&#8220;-10px|||0px|false|false&#8220; image_icon_custom_padding=&#8220;|||0px|false|false&#8220; width=&#8220;100%&#8220; module_alignment=&#8220;center&#8220; custom_margin=&#8220;|-4px||-4px|false|true&#8220; custom_padding=&#8220;20px|0px||0px|false|true&#8220; link_option_url=&#8220;#ecommerce&#8220; global_colors_info=&#8220;{%22gcid-40afeb94-f3a1-4b01-a695-ff82654e75f2%22:%91%22icon_color%22%93}&#8220;][\/et_pb_blurb][\/et_pb_column][et_pb_column type=&#8220;1_5&#8243; _builder_version=&#8220;4.27.4&#8243; _module_preset=&#8220;default&#8220; border_width_right=&#8220;1px&#8220; border_color_right=&#8220;gcid-c67e4c14-9f9a-4541-bcfb-a3dbe227e267&#8243; global_colors_info=&#8220;{%22gcid-c67e4c14-9f9a-4541-bcfb-a3dbe227e267%22:%91%22border_color_right%22%93}&#8220;][et_pb_blurb title=&#8220;Samoobslu\u017en\u00e9 termin\u00e1ly&#8220; use_icon=&#8220;on&#8220; font_icon=&#8220;&#xf815;||fa||900&#8243; icon_color=&#8220;gcid-40afeb94-f3a1-4b01-a695-ff82654e75f2&#8243; icon_placement=&#8220;left&#8220; image_icon_width=&#8220;48px&#8220; _builder_version=&#8220;4.27.4&#8243; _module_preset=&#8220;default&#8220; header_level=&#8220;h6&#8243; header_font=&#8220;&#8211;et_global_heading_font|300|||||||&#8220; header_font_size=&#8220;14px&#8220; image_icon_custom_margin=&#8220;-10px||||false|false&#8220; width=&#8220;100%&#8220; module_alignment=&#8220;center&#8220; custom_margin=&#8220;|||2px|false|false&#8220; custom_padding=&#8220;20px||||false|false&#8220; link_option_url=&#8220;#tom&#8220; global_colors_info=&#8220;{%22gcid-40afeb94-f3a1-4b01-a695-ff82654e75f2%22:%91%22icon_color%22%93}&#8220;][\/et_pb_blurb][\/et_pb_column][et_pb_column type=&#8220;1_5&#8243; _builder_version=&#8220;4.22.1&#8243; _module_preset=&#8220;default&#8220; global_colors_info=&#8220;{}&#8220;][et_pb_blurb title=&#8220;V\u0161e v jednom&#8220; use_icon=&#8220;on&#8220; font_icon=&#8220;&#xf5ba;||fa||900&#8243; icon_color=&#8220;gcid-40afeb94-f3a1-4b01-a695-ff82654e75f2&#8243; icon_placement=&#8220;left&#8220; image_icon_width=&#8220;48px&#8220; _builder_version=&#8220;4.27.4&#8243; _module_preset=&#8220;default&#8220; header_level=&#8220;h6&#8243; header_font=&#8220;&#8211;et_global_heading_font|300|||||||&#8220; header_font_size=&#8220;14px&#8220; image_icon_custom_margin=&#8220;-10px||||false|false&#8220; custom_margin=&#8220;|20px||20px|false|true&#8220; custom_padding=&#8220;20px||||false|false&#8220; link_option_url=&#8220;#tom&#8220; global_colors_info=&#8220;{%22gcid-40afeb94-f3a1-4b01-a695-ff82654e75f2%22:%91%22icon_color%22%93}&#8220;][\/et_pb_blurb][\/et_pb_column][\/et_pb_row][et_pb_row column_structure=&#8220;1_2,1_2&#8243; _builder_version=&#8220;4.27.4&#8243; _module_preset=&#8220;default&#8220; use_background_color_gradient=&#8220;on&#8220; background_color_gradient_direction=&#8220;270deg&#8220; background_color_gradient_stops=&#8220;rgba(43,135,218,0) 0%|#000000 99%&#8220; background_color_gradient_overlays_image=&#8220;on&#8220; background_image=&#8220;https:\/\/www.biznisa.com\/wp-content\/uploads\/2025\/06\/biznisa_platba_kartou.png&#8220; custom_padding=&#8220;|30px||30px|false|true&#8220; border_radii=&#8220;on|20px|20px|20px|20px&#8220; global_colors_info=&#8220;{}&#8220;][et_pb_column type=&#8220;1_2&#8243; _builder_version=&#8220;4.21.0&#8243; _module_preset=&#8220;default&#8220; global_colors_info=&#8220;{}&#8220;][et_pb_text _builder_version=&#8220;4.27.4&#8243; _module_preset=&#8220;_initial&#8220; header_font=&#8220;Outfit|500|||||||&#8220; header_text_color=&#8220;#FFFFFF&#8220; header_font_size=&#8220;72px&#8220; header_line_height=&#8220;1.2em&#8220; header_font_size_tablet=&#8220;40px&#8220; header_font_size_phone=&#8220;24px&#8220; header_font_size_last_edited=&#8220;on|desktop&#8220; global_colors_info=&#8220;{}&#8220;]<\/p>\n<h1>Vyb\u00edrejte jednodu\u0161e to nejlep\u0161\u00ed pro v\u00e1s<\/h1>\n<p>[\/et_pb_text][et_pb_text _builder_version=&#8220;4.27.4&#8243; _module_preset=&#8220;_initial&#8220; text_font=&#8220;Poppins||||||||&#8220; text_text_color=&#8220;#FFFFFF&#8220; text_font_size=&#8220;16px&#8220; text_line_height=&#8220;1.8em&#8220; text_font_size_tablet=&#8220;15px&#8220; text_font_size_phone=&#8220;14px&#8220; text_font_size_last_edited=&#8220;on|desktop&#8220; global_colors_info=&#8220;{}&#8220;]<\/p>\n<p>Vybrat to nejlep\u0161\u00ed \u0159e\u0161en\u00ed, a\u0165 u\u017e ekonomick\u00e9 nebo funk\u010dn\u00ed dnes v \u0161irok\u00e9 nab\u00eddce nen\u00ed jednoduch\u00e9. My jsme tu od toho, abychom v\u00e1m pomohli vybrat to nejlep\u0161\u00ed a za nejlep\u0161\u00ed cenu na trhu. Jsme tu kr\u00e1tce, ale na druhou stranu dlouho s nejlep\u0161\u00ed expert\u00edzou.<\/p>\n<p>[\/et_pb_text][\/et_pb_column][et_pb_column type=&#8220;1_2&#8243; _builder_version=&#8220;4.21.0&#8243; _module_preset=&#8220;default&#8220; custom_padding=&#8220;8vw||||false|false&#8220; custom_padding_tablet=&#8220;0vw||||false|false&#8220; custom_padding_phone=&#8220;0vw||||false|false&#8220; custom_padding_last_edited=&#8220;on|tablet&#8220; global_colors_info=&#8220;{}&#8220;][\/et_pb_column][\/et_pb_row][et_pb_row _builder_version=&#8220;4.27.4&#8243; _module_preset=&#8220;default&#8220; custom_padding=&#8220;59px|||||&#8220; global_colors_info=&#8220;{}&#8220;][et_pb_column type=&#8220;4_4&#8243; _builder_version=&#8220;4.27.4&#8243; _module_preset=&#8220;default&#8220; global_colors_info=&#8220;{}&#8220;][et_pb_text _builder_version=&#8220;4.27.4&#8243; _module_preset=&#8220;default&#8220; header_text_align=&#8220;center&#8220; header_text_color=&#8220;#000000&#8243; custom_margin=&#8220;||14px|||&#8220; global_colors_info=&#8220;{}&#8220;]<\/p>\n<h1>Najdete u n\u00e1s v\u0161echny v\u00fdrobce<\/h1>\n<p>[\/et_pb_text][et_pb_blog post_type=&#8220;manufacturer&#8220; use_manual_excerpt=&#8220;off&#8220; show_author=&#8220;off&#8220; show_date=&#8220;off&#8220; show_categories=&#8220;off&#8220; show_pagination=&#8220;off&#8220; module_class=&#8220;et-blog-css-grid&#8220; _builder_version=&#8220;4.27.4&#8243; _module_preset=&#8220;default&#8220; header_text_align=&#8220;center&#8220; header_font_size=&#8220;14px&#8220; background_color=&#8220;RGBA(255,255,255,0)&#8220; border_radii_fullwidth=&#8220;on|20px|20px|20px|20px&#8220; global_colors_info=&#8220;{}&#8220;][\/et_pb_blog][\/et_pb_column][\/et_pb_row][et_pb_row column_structure=&#8220;1_4,1_2,1_4&#8243; use_custom_gutter=&#8220;on&#8220; make_equal=&#8220;on&#8220; _builder_version=&#8220;4.27.4&#8243; _module_preset=&#8220;default&#8220; background_color=&#8220;gcid-ff69abd8-a994-471c-aec5-060b433d1d92&#8243; custom_padding=&#8220;20px|20px|20px|20px|true|true&#8220; hover_enabled=&#8220;0&#8243; border_radii=&#8220;on|20px|20px|20px|20px&#8220; border_width_all=&#8220;1px&#8220; border_color_all=&#8220;gcid-ff69abd8-a994-471c-aec5-060b433d1d92&#8243; global_colors_info=&#8220;{%22gcid-ff69abd8-a994-471c-aec5-060b433d1d92%22:%91%22border_color_all%22,%22background_color%22%93}&#8220; sticky_enabled=&#8220;0&#8243;][et_pb_column type=&#8220;1_4&#8243; _builder_version=&#8220;4.27.4&#8243; _module_preset=&#8220;default&#8220; background_enable_color=&#8220;off&#8220; global_colors_info=&#8220;{%22gcid-ff69abd8-a994-471c-aec5-060b433d1d92%22:%91%22background_color%22%93}&#8220;][et_pb_icon font_icon=&#8220;&#xe101;||divi||400&#8243; icon_color=&#8220;#FFFFFF&#8220; icon_width=&#8220;32px&#8220; _builder_version=&#8220;4.27.4&#8243; _module_preset=&#8220;default&#8220; hover_enabled=&#8220;0&#8243; global_colors_info=&#8220;{}&#8220; sticky_enabled=&#8220;0&#8243;][\/et_pb_icon][\/et_pb_column][et_pb_column type=&#8220;1_2&#8243; _builder_version=&#8220;4.27.4&#8243; _module_preset=&#8220;default&#8220; custom_css_main_element=&#8220;margin: auto&#8220; global_colors_info=&#8220;{}&#8220;][et_pb_text _builder_version=&#8220;4.27.4&#8243; _module_preset=&#8220;default&#8220; text_text_color=&#8220;#FFFFFF&#8220; hover_enabled=&#8220;0&#8243; global_colors_info=&#8220;{}&#8220; text_font_size=&#8220;18px&#8220; sticky_enabled=&#8220;0&#8243;]<\/p>\n<p>Srovnejte si v\u0161echny parametry termin\u00e1l\u016f na trhu<\/p>\n<p>[\/et_pb_text][\/et_pb_column][et_pb_column type=&#8220;1_4&#8243; _builder_version=&#8220;4.27.4&#8243; _module_preset=&#8220;default&#8220; global_colors_info=&#8220;{}&#8220;][et_pb_button button_url=&#8220;@ET-DC@eyJkeW5hbWljIjp0cnVlLCJjb250ZW50IjoicG9zdF9saW5rX3VybF9wYWdlIiwic2V0dGluZ3MiOnsicG9zdF9pZCI6IjUwMTgifX0=@&#8220; button_text=&#8220;Srovnat parametry&#8220; _builder_version=&#8220;4.27.4&#8243; _dynamic_attributes=&#8220;button_url&#8220; _module_preset=&#8220;default&#8220; custom_button=&#8220;on&#8220; button_text_size=&#8220;14px&#8220; button_border_radius=&#8220;35px&#8220; hover_enabled=&#8220;0&#8243; global_colors_info=&#8220;{}&#8220; button_text_color=&#8220;#FFFFFF&#8220; sticky_enabled=&#8220;0&#8243;][\/et_pb_button][\/et_pb_column][\/et_pb_row][et_pb_row _builder_version=&#8220;4.27.4&#8243; _module_preset=&#8220;default&#8220; global_colors_info=&#8220;{}&#8220;][et_pb_column type=&#8220;4_4&#8243; _builder_version=&#8220;4.27.4&#8243; _module_preset=&#8220;default&#8220; global_colors_info=&#8220;{}&#8220;][et_pb_text _builder_version=&#8220;4.27.4&#8243; _module_preset=&#8220;default&#8220; header_font=&#8220;Poppins|700|||||||&#8220; header_text_color=&#8220;#000000&#8243; global_colors_info=&#8220;{}&#8220;]<\/p>\n<h1>P\u0159ehled v\u0161ech termin\u00e1l\u016f<\/h1>\n<p>[\/et_pb_text][et_pb_text _builder_version=&#8220;4.27.4&#8243; _module_preset=&#8220;default&#8220; text_text_color=&#8220;#000000&#8243; global_colors_info=&#8220;{}&#8220;]<\/p>\n<p>Pokud si chcete na\u0161i nab\u00eddku proj\u00edt sami, nebo naj\u00edt ten spr\u00e1vn\u00fd termin\u00e1l podle v\u0161ech parametr\u016f, jste tu spr\u00e1vn\u011b!<\/p>\n<p>[\/et_pb_text][\/et_pb_column][\/et_pb_row][\/et_pb_section][et_pb_section fb_built=&#8220;1&#8243; specialty=&#8220;on&#8220; _builder_version=&#8220;4.27.4&#8243; _module_preset=&#8220;default&#8220; background_color=&#8220;gcid-4fa1f18a-1fbc-4c85-ad0e-1dad45b1fe09&#8243; custom_padding=&#8220;10px||||false|false&#8220; da_disable_devices=&#8220;off|off|off&#8220; global_colors_info=&#8220;{%22gcid-4fa1f18a-1fbc-4c85-ad0e-1dad45b1fe09%22:%91%22background_color%22%93}&#8220; da_is_popup=&#8220;off&#8220; da_exit_intent=&#8220;off&#8220; da_has_close=&#8220;on&#8220; da_alt_close=&#8220;off&#8220; da_dark_close=&#8220;off&#8220; da_not_modal=&#8220;on&#8220; da_is_singular=&#8220;off&#8220; da_with_loader=&#8220;off&#8220; da_has_shadow=&#8220;on&#8220;][et_pb_column type=&#8220;1_4&#8243; _builder_version=&#8220;4.16&#8243; custom_padding=&#8220;|||&#8220; global_colors_info=&#8220;{}&#8220; custom_padding__hover=&#8220;|||&#8220;][et_pb_de_mach_filter_posts filter_update_type=&#8220;update_field&#8220; reset_text=&#8220;Resetovat&#8220; _builder_version=&#8220;4.27.4&#8243; _module_preset=&#8220;default&#8220; title_text_color=&#8220;#000000&#8243; filter_headings_text_color=&#8220;#000000&#8243; custom_button=&#8220;on&#8220; button_text_size=&#8220;14px&#8220; button_border_radius=&#8220;35px&#8220; button_custom_margin=&#8220;20px||||false|false&#8220; custom_margin=&#8220;||||false|false&#8220; custom_padding=&#8220;20px|10px|20px|10px|true|true&#8220; border_radii=&#8220;on|20px|20px|20px|20px&#8220; border_width_all=&#8220;1px&#8220; border_color_all=&#8220;gcid-c67e4c14-9f9a-4541-bcfb-a3dbe227e267&#8243; global_colors_info=&#8220;{%22gcid-c67e4c14-9f9a-4541-bcfb-a3dbe227e267%22:%91%22border_color_all%22%93}&#8220;][et_pb_de_mach_search_posts_item title=&#8220;V\u00fdrobce termin\u00e1lu&#8220; filter_post_type=&#8220;acf&#8220; post_type_choose=&#8220;terminal&#8220; acf_name=&#8220;field_6802602007096&#8243; custom_label=&#8220;V\u00fdrobce termin\u00e1lu&#8220; radio_show_empty=&#8220;on&#8220; field_id=&#8220;Field_5_2&#8243; select_placeholder=&#8220;&#8211; vyberte volbu &#8211;&#8220; _builder_version=&#8220;4.27.4&#8243; _module_preset=&#8220;default&#8220; global_colors_info=&#8220;{}&#8220;][\/et_pb_de_mach_search_posts_item][et_pb_de_mach_search_posts_item title=&#8220;Poskytovatel termin\u00e1lu&#8220; filter_post_type=&#8220;acf&#8220; post_type_choose=&#8220;terminal&#8220; acf_name=&#8220;field_680e22a7c8a85&#8243; custom_label=&#8220;Poskytovatel termin\u00e1lu&#8220; radio_show_empty=&#8220;on&#8220; field_id=&#8220;Field_5_2_2&#8243; select_placeholder=&#8220;&#8211; vyberte volbu &#8211;&#8220; _builder_version=&#8220;4.27.4&#8243; _module_preset=&#8220;default&#8220; global_colors_info=&#8220;{}&#8220;][\/et_pb_de_mach_search_posts_item][et_pb_de_mach_search_posts_item title=&#8220;Opera\u010dn\u00ed syst\u00e9m&#8220; filter_post_type=&#8220;acf&#8220; post_type_choose=&#8220;terminal&#8220; acf_name=&#8220;field_6806c77976557&#8243; radio_show_empty=&#8220;on&#8220; field_id=&#8220;Field_5&#8243; select_placeholder=&#8220;&#8211; vyberte volbu &#8211;&#8220; _builder_version=&#8220;4.27.4&#8243; _module_preset=&#8220;default&#8220; global_colors_info=&#8220;{}&#8220;][\/et_pb_de_mach_search_posts_item][et_pb_de_mach_search_posts_item title=&#8220;Tisk\u00e1rna&#8220; filter_post_type=&#8220;acf&#8220; post_type_choose=&#8220;terminal&#8220; acf_name=&#8220;field_6813d3d3a955c&#8220; custom_label=&#8220;Tisk\u00e1rna&#8220; radio_show_empty=&#8220;on&#8220; true_text=&#8220;Ano&#8220; false_text=&#8220;Ne&#8220; field_id=&#8220;Field_1&#8243; select_placeholder=&#8220;&#8211; vyberte volbu &#8211;&#8220; _builder_version=&#8220;4.27.4&#8243; _module_preset=&#8220;default&#8220; global_colors_info=&#8220;{}&#8220;][\/et_pb_de_mach_search_posts_item][et_pb_de_mach_search_posts_item title=&#8220;Dotykov\u00e1 obrazovka&#8220; filter_post_type=&#8220;acf&#8220; post_type_choose=&#8220;terminal&#8220; acf_name=&#8220;field_6813d893d24df&#8220; radio_show_empty=&#8220;on&#8220; true_text=&#8220;Ano&#8220; false_text=&#8220;Ne&#8220; field_id=&#8220;Field_1_2&#8243; select_placeholder=&#8220;&#8211; vyberte volbu &#8211;&#8220; _builder_version=&#8220;4.27.4&#8243; _module_preset=&#8220;default&#8220; global_colors_info=&#8220;{}&#8220;][\/et_pb_de_mach_search_posts_item][et_pb_de_mach_search_posts_item title=&#8220;Typ termin\u00e1lu&#8220; filter_post_type=&#8220;acf&#8220; post_type_choose=&#8220;terminal&#8220; acf_name=&#8220;field_6813d7f8d24de&#8220; radio_show_empty=&#8220;on&#8220; true_text=&#8220;Ano&#8220; false_text=&#8220;Ne&#8220; field_id=&#8220;Field_3&#8243; select_placeholder=&#8220;&#8211; vyberte volbu &#8211;&#8220; _builder_version=&#8220;4.27.4&#8243; _module_preset=&#8220;default&#8220; global_colors_info=&#8220;{}&#8220;][\/et_pb_de_mach_search_posts_item][et_pb_de_mach_search_posts_item title=&#8220;Mo\u017enost pinpadu&#8220; filter_post_type=&#8220;acf&#8220; post_type_choose=&#8220;terminal&#8220; acf_name=&#8220;field_6813da6a316e4&#8243; radio_show_empty=&#8220;on&#8220; true_text=&#8220;Ano&#8220; false_text=&#8220;Ne&#8220; field_id=&#8220;Field_4&#8243; select_placeholder=&#8220;&#8211; vyberte volbu &#8211;&#8220; _builder_version=&#8220;4.27.4&#8243; _module_preset=&#8220;default&#8220; global_colors_info=&#8220;{}&#8220;][\/et_pb_de_mach_search_posts_item][\/et_pb_de_mach_filter_posts][\/et_pb_column][et_pb_column type=&#8220;3_4&#8243; specialty_columns=&#8220;3&#8243; _builder_version=&#8220;4.16&#8243; custom_padding=&#8220;|||&#8220; global_colors_info=&#8220;{}&#8220; custom_padding__hover=&#8220;|||&#8220;][et_pb_row_inner _builder_version=&#8220;4.27.4&#8243; _module_preset=&#8220;default&#8220; global_colors_info=&#8220;{}&#8220;][et_pb_column_inner saved_specialty_column_type=&#8220;3_4&#8243; _builder_version=&#8220;4.27.4&#8243; _module_preset=&#8220;default&#8220; global_colors_info=&#8220;{}&#8220;][et_pb_de_mach_archive_loop post_type_choose=&#8220;terminal&#8220; loop_layout=&#8220;1141&#8243; no_posts_layout_text=&#8220;Moment\u00e1ln\u011b tu nejsou \u017e\u00e1dn\u00e9 termin\u00e1ly.&#8220; enable_loadmore=&#8220;infinite&#8220; enable_resultcount=&#8220;on&#8220; equal_height=&#8220;on&#8220; columns=&#8220;3&#8243; _builder_version=&#8220;4.27.4&#8243; _module_preset=&#8220;default&#8220; global_colors_info=&#8220;{}&#8220;][\/et_pb_de_mach_archive_loop][\/et_pb_column_inner][\/et_pb_row_inner][\/et_pb_column][\/et_pb_section]<\/p>\n","protected":false},"excerpt":{"rendered":"<p>Typy termin\u00e1l\u016f dostupn\u00e9 na trhu:Vyb\u00edrejte jednodu\u0161e to nejlep\u0161\u00ed pro v\u00e1sVybrat to nejlep\u0161\u00ed \u0159e\u0161en\u00ed, a\u0165 u\u017e ekonomick\u00e9 nebo funk\u010dn\u00ed dnes v \u0161irok\u00e9 nab\u00eddce nen\u00ed jednoduch\u00e9. My jsme tu od toho, abychom v\u00e1m pomohli vybrat to nejlep\u0161\u00ed a za nejlep\u0161\u00ed cenu na trhu. Jsme tu kr\u00e1tce, ale na druhou stranu dlouho s nejlep\u0161\u00ed expert\u00edzou.Najdete u n\u00e1s v\u0161echny [&hellip;]<\/p>\n","protected":false},"author":1,"featured_media":0,"parent":0,"menu_order":0,"comment_status":"closed","ping_status":"closed","template":"","meta":{"_acf_changed":false,"_et_pb_use_builder":"on","_et_pb_old_content":"","_et_gb_content_width":"","_monsterinsights_skip_tracking":false,"_monsterinsights_sitenote_active":false,"_monsterinsights_sitenote_note":"","_monsterinsights_sitenote_category":0,"footnotes":""},"class_list":["post-798","page","type-page","status-publish","hentry"],"acf":[],"jetpack_sharing_enabled":true,"_links":{"self":[{"href":"https:\/\/www.biznisa.com\/en\/wp-json\/wp\/v2\/pages\/798","targetHints":{"allow":["GET"]}}],"collection":[{"href":"https:\/\/www.biznisa.com\/en\/wp-json\/wp\/v2\/pages"}],"about":[{"href":"https:\/\/www.biznisa.com\/en\/wp-json\/wp\/v2\/types\/page"}],"author":[{"embeddable":true,"href":"https:\/\/www.biznisa.com\/en\/wp-json\/wp\/v2\/users\/1"}],"replies":[{"embeddable":true,"href":"https:\/\/www.biznisa.com\/en\/wp-json\/wp\/v2\/comments?post=798"}],"version-history":[{"count":40,"href":"https:\/\/www.biznisa.com\/en\/wp-json\/wp\/v2\/pages\/798\/revisions"}],"predecessor-version":[{"id":5483,"href":"https:\/\/www.biznisa.com\/en\/wp-json\/wp\/v2\/pages\/798\/revisions\/5483"}],"wp:attachment":[{"href":"https:\/\/www.biznisa.com\/en\/wp-json\/wp\/v2\/media?parent=798"}],"curies":[{"name":"wp","href":"https:\/\/api.w.org\/{rel}","templated":true}]}}